{"id":2512,"date":"2024-10-31T15:10:24","date_gmt":"2024-10-31T15:10:24","guid":{"rendered":"https:\/\/elevatedigitalstrategy.com\/carrieres\/"},"modified":"2025-03-20T16:28:25","modified_gmt":"2025-03-20T16:28:25","slug":"carrieres","status":"publish","type":"page","link":"https:\/\/elevatedigitalstrategy.com\/fr\/carrieres\/","title":{"rendered":"Carri\u00e8res"},"content":{"rendered":"<section class=\"wpb-content-wrapper\"><p>[vc_row css_animation=\u00a0\u00bb\u00a0\u00bb row_type=\u00a0\u00bbrow\u00a0\u00bb use_row_as_full_screen_section=\u00a0\u00bbno\u00a0\u00bb type=\u00a0\u00bbfull_width\u00a0\u00bb angled_section=\u00a0\u00bbno\u00a0\u00bb text_align=\u00a0\u00bbleft\u00a0\u00bb background_image_as_pattern=\u00a0\u00bbwithout_pattern\u00a0\u00bb el_id=\u00a0\u00bbpage-title\u00a0\u00bb z_index=\u00a0\u00bb\u00a0\u00bb][vc_column][vc_column_text]<\/p>\n<h1 style=\"text-align: center;\">D\u00e9couvrez les Carri\u00e8res en Marketing Digital<\/h1>\n<h2 style=\"text-align: center;\">Vous cherchez une opportunit\u00e9 pour avoir un impact significatif sur des entreprises au Canada, aux \u00c9tats-Unis et dans les Cara\u00efbes ?<\/h2>\n<p style=\"text-align: center;\">Postulez d\u00e8s aujourd\u2019hui pour acqu\u00e9rir une exp\u00e9rience concr\u00e8te en gestion des op\u00e9rations marketing pour des centaines d\u2019entreprises de confiance !<\/p>\n<p>[\/vc_column_text][\/vc_column][\/vc_row][vc_row css_animation=\u00a0\u00bb\u00a0\u00bb row_type=\u00a0\u00bbrow\u00a0\u00bb use_row_as_full_screen_section=\u00a0\u00bbno\u00a0\u00bb type=\u00a0\u00bbfull_width\u00a0\u00bb angled_section=\u00a0\u00bbno\u00a0\u00bb text_align=\u00a0\u00bbleft\u00a0\u00bb background_image_as_pattern=\u00a0\u00bbwithout_pattern\u00a0\u00bb z_index=\u00a0\u00bb\u00a0\u00bb el_class=\u00a0\u00bbleft-image\u00a0\u00bb el_id=\u00a0\u00bbcareer\u00a0\u00bb][vc_column width=\u00a0\u00bb1\/2&Prime;][vc_single_image image=\u00a0\u00bb2085&Prime; img_size=\u00a0\u00bbfull\u00a0\u00bb qode_css_animation=\u00a0\u00bb\u00a0\u00bb][\/vc_column][vc_column width=\u00a0\u00bb1\/2&Prime;][vc_column_text]<\/p>\n<h2>Ce que signifie faire partie de l\u2019\u00e9quipe Elevate :<\/h2>\n<ul class=\"checkmarks\">\n<li>Salaire comp\u00e9titif<\/li>\n<li>Formation approfondie et accompagnement continu<\/li>\n<li>Environnement de travail agr\u00e9able<\/li>\n<li>Opportunit\u00e9s infinies de d\u00e9veloppement professionnel<\/li>\n<\/ul>\n<p>[\/vc_column_text][\/vc_column][vc_column][vc_column_text]<\/p>\n<h3 style=\"text-align: center;\">Postulez d\u00e8s aujourd\u2019hui !<\/h3>\n<p>[\/vc_column_text][\/vc_column][\/vc_row][vc_row css_animation=\u00a0\u00bb\u00a0\u00bb row_type=\u00a0\u00bbrow\u00a0\u00bb use_row_as_full_screen_section=\u00a0\u00bbno\u00a0\u00bb type=\u00a0\u00bbfull_width\u00a0\u00bb angled_section=\u00a0\u00bbno\u00a0\u00bb text_align=\u00a0\u00bbleft\u00a0\u00bb background_image_as_pattern=\u00a0\u00bbwithout_pattern\u00a0\u00bb el_id=\u00a0\u00bbconsult\u00a0\u00bb z_index=\u00a0\u00bb\u00a0\u00bb][vc_column][vc_raw_js]JTNDc2NyaXB0JTIwc3JjJTNEJTIyJTBBaHR0cHMlM0ElMkYlMkZjZG4uanNkZWxpdnIubmV0JTJGbnBtJTJGanF1ZXJ5LW1hc2stcGx1Z2luJTQwMS4xNC4xNiUyRmRpc3QlMkZqcXVlcnkubWFzay5taW4uanMlMEElMjIlM0UlM0MlMkZzY3JpcHQlM0U=[\/vc_raw_js]\n<div class=\"wpcf7 no-js\" id=\"wpcf7-f2571-o1\" lang=\"fr-FR\" dir=\"ltr\">\n<div class=\"screen-reader-response\"><p role=\"status\" aria-live=\"polite\" aria-atomic=\"true\"><\/p> <ul><\/ul><\/div>\n<form action=\"\/fr\/wp-json\/wp\/v2\/pages\/2512#wpcf7-f2571-o1\" method=\"post\" class=\"wpcf7-form init default\" aria-label=\"Formulaire de contact\" enctype=\"multipart\/form-data\" novalidate=\"novalidate\" data-status=\"init\">\n<div style=\"display: none;\">\n<input type=\"hidden\" name=\"_wpcf7\" value=\"2571\" \/>\n<input type=\"hidden\" name=\"_wpcf7_version\" value=\"5.9.3\" \/>\n<input type=\"hidden\" name=\"_wpcf7_locale\" value=\"fr_FR\" \/>\n<input type=\"hidden\" name=\"_wpcf7_unit_tag\" value=\"wpcf7-f2571-o1\" \/>\n<input type=\"hidden\" name=\"_wpcf7_container_post\" value=\"0\" \/>\n<input type=\"hidden\" name=\"_wpcf7_posted_data_hash\" value=\"\" \/>\n<input type=\"hidden\" name=\"_wpcf7cf_hidden_group_fields\" value=\"[]\" \/>\n<input type=\"hidden\" name=\"_wpcf7cf_hidden_groups\" value=\"[]\" \/>\n<input type=\"hidden\" name=\"_wpcf7cf_visible_groups\" value=\"[]\" \/>\n<input type=\"hidden\" name=\"_wpcf7cf_repeaters\" value=\"[]\" \/>\n<input type=\"hidden\" name=\"_wpcf7cf_steps\" value=\"{}\" \/>\n<input type=\"hidden\" name=\"_wpcf7cf_options\" value=\"{&quot;form_id&quot;:2571,&quot;conditions&quot;:[],&quot;settings&quot;:{&quot;animation&quot;:&quot;yes&quot;,&quot;animation_intime&quot;:200,&quot;animation_outtime&quot;:200,&quot;conditions_ui&quot;:&quot;normal&quot;,&quot;notice_dismissed&quot;:false}}\" \/>\n<input type=\"hidden\" name=\"_wpcf7_recaptcha_response\" value=\"\" \/>\n<\/div>\n<div class=\"consult-form\">\n<label>Votre nom\n<span class=\"wpcf7-form-control-wrap\" data-name=\"text-name\"><input size=\"40\" class=\"wpcf7-form-control wpcf7-text wpcf7-validates-as-required\" aria-required=\"true\" aria-invalid=\"false\" placeholder=\"Nom\" value=\"\" type=\"text\" name=\"text-name\" \/><\/span>\n<\/label>\n<label>Votre num\u00e9ro de t\u00e9l\u00e9phone\n    <span class=\"wpcf7-form-control-wrap\" data-name=\"tel-188\"><input size=\"40\" class=\"wpcf7-form-control wpcf7-tel wpcf7-validates-as-required wpcf7-text wpcf7-validates-as-tel\" id=\"phonenum\" aria-required=\"true\" aria-invalid=\"false\" placeholder=\"XXX-XXX-XXXX\" value=\"\" type=\"tel\" name=\"tel-188\" \/><\/span>\n<\/label>\n<label>Votre adresse e-mail\n    <span class=\"wpcf7-form-control-wrap\" data-name=\"email-688\"><input size=\"40\" class=\"wpcf7-form-control wpcf7-email wpcf7-validates-as-required wpcf7-text wpcf7-validates-as-email\" aria-required=\"true\" aria-invalid=\"false\" placeholder=\"Email\" value=\"\" type=\"email\" name=\"email-688\" \/><\/span>\n<\/label>\n<label>Partagez avec nous vos objectifs de carri\u00e8re\n    <span class=\"wpcf7-form-control-wrap\" data-name=\"textarea-289\"><textarea cols=\"40\" rows=\"10\" class=\"wpcf7-form-control wpcf7-textarea wpcf7-validates-as-required\" aria-required=\"true\" aria-invalid=\"false\" placeholder=\"Votre message\" name=\"textarea-289\"><\/textarea><\/span>\n<\/label>\n<label>Joindre votre CV<br\/> <span class=\"wpcf7-form-control-wrap\" data-name=\"file-199\"><input size=\"40\" class=\"wpcf7-form-control wpcf7-file wpcf7-validates-as-required\" accept=\".pdf,.doc,.docx,.pages,.rtf,.odt\" aria-required=\"true\" aria-invalid=\"false\" type=\"file\" name=\"file-199\" \/><\/span><\/label>\n<label><input class=\"wpcf7-form-control wpcf7-submit has-spinner\" type=\"submit\" value=\"Envoyer\" \/><\/label><\/div><p style=\"display: none !important;\" class=\"akismet-fields-container\" data-prefix=\"_wpcf7_ak_\"><label>&#916;<textarea name=\"_wpcf7_ak_hp_textarea\" cols=\"45\" rows=\"8\" maxlength=\"100\"><\/textarea><\/label><input type=\"hidden\" id=\"ak_js_1\" name=\"_wpcf7_ak_js\" value=\"193\"\/><script>document.getElementById( \"ak_js_1\" ).setAttribute( \"value\", ( new Date() ).getTime() );<\/script><\/p><div class=\"wpcf7-response-output\" aria-hidden=\"true\"><\/div>\n<\/form>\n<\/div>\n[vc_raw_js]JTNDc2NyaXB0JTNFJTBBalF1ZXJ5JTI4ZG9jdW1lbnQlMjkucmVhZHklMjhmdW5jdGlvbiUyOCUyOSU3QiUwQSUwOWpRdWVyeSUyOCUyNyUyM3Bob25lbnVtJTI3JTI5Lm1hc2slMjglMjcwMDAtMDAwLTAwMDAlMjclMjklM0IlMEElN0QlMjklM0IlMEElM0MlMkZzY3JpcHQlM0U=[\/vc_raw_js][\/vc_column][\/vc_row][vc_row css_animation=\u00a0\u00bb\u00a0\u00bb row_type=\u00a0\u00bbrow\u00a0\u00bb use_row_as_full_screen_section=\u00a0\u00bbno\u00a0\u00bb type=\u00a0\u00bbfull_width\u00a0\u00bb angled_section=\u00a0\u00bbno\u00a0\u00bb text_align=\u00a0\u00bbleft\u00a0\u00bb background_image_as_pattern=\u00a0\u00bbwithout_pattern\u00a0\u00bb el_class=\u00a0\u00bbglobal\u00a0\u00bb z_index=\u00a0\u00bb\u00a0\u00bb][vc_column][vc_row css_animation=\"\" row_type=\"row\" use_row_as_full_screen_section=\"no\" type=\"full_width\" angled_section=\"no\" text_align=\"left\" background_image_as_pattern=\"without_pattern\" el_id=\"call2action\" z_index=\"\"][vc_column width=\"1\/3\"][vc_raw_html]PHN2ZyBpZD0iY2FsbG1lIiB4bWxucz0iaHR0cDovL3d3dy53My5vcmcvMjAwMC9zdmciIHhtbG5zOnhsaW5rPSJodHRwOi8vd3d3LnczLm9yZy8xOTk5L3hsaW5rIiB2aWV3Qm94PSIwIDAgMjAxLjg3IDE5Ni42NyI+DQogIDxkZWZzPg0KICAgIDxzdHlsZT4NCiAgICAgIC5iZ2ctMSB7DQogICAgICAgIGZpbGw6IHVybCgjX2JnZ18xMS0yKTsNCiAgICAgIH0NCg0KICAgICAgLmJnZy0xLCAuYmdnLTIsIC5iZ2ctMywgLmJnZy00LCAuYmdnLTUsIC5iZ2ctNiB7DQogICAgICAgIHN0cm9rZS13aWR0aDogMHB4Ow0KICAgICAgfQ0KDQogICAgICAuYmdnLTIgew0KICAgICAgICBmaWxsOiB1cmwoI19iZ2dfMTEtMyk7DQogICAgICB9DQoNCiAgICAgIC5iZ2ctMyB7DQogICAgICAgIGZpbGw6IHVybCgjX2JnZ184KTsNCiAgICAgIH0NCg0KICAgICAgLmJnZy00IHsNCiAgICAgICAgZmlsbDogdXJsKCNfYmdnXzExKTsNCiAgICAgIH0NCg0KICAgICAgLmJnZy01IHsNCiAgICAgICAgZmlsbDogdXJsKCNfYmdnXzgtMyk7DQogICAgICB9DQoNCiAgICAgIC5iZ2ctNiB7DQogICAgICAgIGZpbGw6IHVybCgjX2JnZ184LTIpOw0KICAgICAgfQ0KICAgIDwvc3R5bGU+DQogICAgPGxpbmVhckdyYWRpZW50IGlkPSJfYmdnXzgiIGRhdGEtbmFtZT0i0JHQtdC30YvQvNGP0L3QvdGL0Lkg0LPRgNCw0LTQuNC10L3RgiA4IiB4MT0iNDAxLjEzIiB5MT0iNDI5Ljg5IiB4Mj0iNDczLjczIiB5Mj0iNDI5Ljg5IiBncmFkaWVudFRyYW5zZm9ybT0idHJhbnNsYXRlKDc3LjQ3IDc0OS42Nykgcm90YXRlKC00NC4zMykgc2NhbGUoLjk5IC0uOTkpIHNrZXdYKC0xLjMzKSIgZ3JhZGllbnRVbml0cz0idXNlclNwYWNlT25Vc2UiPg0KICAgICAgPHN0b3Agb2Zmc2V0PSIuMjQiIHN0b3AtY29sb3I9IiMzNTUyN2MiLz4NCiAgICAgIDxzdG9wIG9mZnNldD0iLjY3IiBzdG9wLWNvbG9yPSIjM2E0ODYwIi8+DQogICAgPC9saW5lYXJHcmFkaWVudD4NCiAgICA8bGluZWFyR3JhZGllbnQgaWQ9Il9iZ2dfMTEiIGRhdGEtbmFtZT0i0JHQtdC30YvQvNGP0L3QvdGL0Lkg0LPRgNCw0LTQuNC10L3RgiAxMSIgeDE9IjM3OC44MiIgeTE9IjQyNy40NSIgeDI9IjQ3Ni44NCIgeTI9IjQyNy40NSIgZ3JhZGllbnRUcmFuc2Zvcm09InRyYW5zbGF0ZSgxMTguOCA3MjQuMTIpIHJvdGF0ZSgtNDQuMzMpIHNjYWxlKC45OSAtLjk5KSBza2V3WCgtMS4zMykiIGdyYWRpZW50VW5pdHM9InVzZXJTcGFjZU9uVXNlIj4NCiAgICAgIDxzdG9wIG9mZnNldD0iLjQ0IiBzdG9wLWNvbG9yPSIjNTI1NDdhIi8+DQogICAgICA8c3RvcCBvZmZzZXQ9Ii42OSIgc3RvcC1jb2xvcj0iIzQxM2Y1OCIvPg0KICAgIDwvbGluZWFyR3JhZGllbnQ+DQogICAgPGxpbmVhckdyYWRpZW50IGlkPSJfYmdnXzExLTIiIGRhdGEtbmFtZT0i0JHQtdC30YvQvNGP0L3QvdGL0Lkg0LPRgNCw0LTQuNC10L3RgiAxMSIgeDE9IjMyMS41IiB5MT0iNDM2LjIyIiB4Mj0iNDQyLjI2IiB5Mj0iNDM2LjIyIiBncmFkaWVudFRyYW5zZm9ybT0idHJhbnNsYXRlKDE5My43NiA2ODIuMzQpIHJvdGF0ZSgtNDQuMzMpIHNjYWxlKC45OSAtLjk5KSBza2V3WCgtMS4zMykiIHhsaW5rOmhyZWY9IiNfYmdnXzExIi8+DQogICAgPGxpbmVhckdyYWRpZW50IGlkPSJfYmdnXzExLTMiIGRhdGEtbmFtZT0i0JHQtdC30YvQvNGP0L3QvdGL0Lkg0LPRgNCw0LTQuNC10L3RgiAxMSIgeDE9IjI5NS4yNSIgeTE9IjM5Ni42NyIgeDI9IjQ0Mi42MSIgeTI9IjM5Ni42NyIgZ3JhZGllbnRUcmFuc2Zvcm09InRyYW5zbGF0ZSgyMTEuMjIgNjI3LjI3KSByb3RhdGUoLTQ0LjMzKSBzY2FsZSguOTkgLS45OSkgc2tld1goLTEuMzMpIiB4bGluazpocmVmPSIjX2JnZ18xMSIvPg0KICAgIDxsaW5lYXJHcmFkaWVudCBpZD0iX2JnZ184LTIiIGRhdGEtbmFtZT0i0JHQtdC30YvQvNGP0L3QvdGL0Lkg0LPRgNCw0LTQuNC10L3RgiA4IiB4MT0iMzMzLjczIiB5MT0iMTYwLjI1IiB4Mj0iMzU0Ljc1IiB5Mj0iMTYwLjI1IiBncmFkaWVudFRyYW5zZm9ybT0idHJhbnNsYXRlKC0yODkuOCAzMjAuNTEpIHNjYWxlKC45OCAtMSkiIHhsaW5rOmhyZWY9IiNfYmdnXzgiLz4NCiAgICA8bGluZWFyR3JhZGllbnQgaWQ9Il9iZ2dfOC0zIiBkYXRhLW5hbWU9ItCR0LXQt9GL0LzRj9C90L3Ri9C5INCz0YDQsNC00LjQtdC90YIgOCIgeDE9IjM3MC44NSIgeTE9IjE3MC4xNiIgeDI9IjM5MS44NiIgeTI9IjE3MC4xNiIgZ3JhZGllbnRUcmFuc2Zvcm09InRyYW5zbGF0ZSgtMzYyLjM0IDM0MC4zMSkgc2NhbGUoLjk4IC0xKSIgeGxpbms6aHJlZj0iI19iZ2dfOCIvPg0KICA8L2RlZnM+DQogIDxyZWN0IGNsYXNzPSJiZ2ctNSIgeD0iMCIgeT0iMTQ1LjMiIHdpZHRoPSIyMC41MyIgaGVpZ2h0PSI0OS43IiByeD0iNy40OCIgcnk9IjcuNDgiIHRyYW5zZm9ybT0idHJhbnNsYXRlKDIwLjUzIDM0MC4zMSkgcm90YXRlKC0xODApIi8+DQogIDxyZWN0IGNsYXNzPSJiZ2ctNiIgeD0iMzYuMjciIHk9IjEyNS41IiB3aWR0aD0iMjAuNTMiIGhlaWdodD0iNjkuNTEiIHJ4PSI3LjQ4IiByeT0iNy40OCIgdHJhbnNmb3JtPSJ0cmFuc2xhdGUoOTMuMDYgMzIwLjUxKSByb3RhdGUoLTE4MCkiLz4NCiAgPHJlY3QgY2xhc3M9ImJnZy0zIiB4PSIzNy4zNCIgeT0iMTQwLjE5IiB3aWR0aD0iOTAuOTMiIGhlaWdodD0iMjAuNTMiIHJ4PSI3LjgiIHJ5PSI3LjgiIHRyYW5zZm9ybT0idHJhbnNsYXRlKC02Ny42NiAyMzMuMjYpIHJvdGF0ZSgtOTApIi8+DQogIDxyZWN0IGNsYXNzPSJiZ2ctNCIgeD0iNTUuNjMiIHk9IjEyMi45NyIgd2lkdGg9IjEyNi44OCIgaGVpZ2h0PSIyMC41MyIgcng9IjcuOCIgcnk9IjcuOCIgdHJhbnNmb3JtPSJ0cmFuc2xhdGUoLTE0LjE2IDI1Mi4zKSByb3RhdGUoLTkwKSIvPg0KICA8cmVjdCBjbGFzcz0iYmdnLTEiIHg9Ijc1LjgxIiB5PSIxMDYuODgiIHdpZHRoPSIxNTkuMDUiIGhlaWdodD0iMjAuNTMiIHJ4PSI3LjgiIHJ5PSI3LjgiIHRyYW5zZm9ybT0idHJhbnNsYXRlKDM4LjE5IDI3Mi40OCkgcm90YXRlKC05MCkiLz4NCiAgPHJlY3QgY2xhc3M9ImJnZy0yIiB4PSI5My4yNyIgeT0iODguMDciIHdpZHRoPSIxOTYuNjciIGhlaWdodD0iMjAuNTMiIHJ4PSI3LjgiIHJ5PSI3LjgiIHRyYW5zZm9ybT0idHJhbnNsYXRlKDkzLjI3IDI4OS45NCkgcm90YXRlKC05MCkiLz4NCjwvc3ZnPg==[\/vc_raw_html][\/vc_column][vc_column width=\"2\/3\"][vc_column_text]\r\n<h2>D\u00e9veloppez votre marque et augmentez votre chiffre d'affaires d\u00e8s aujourd'hui !<\/h2><br>Parlez \u00e0 nos experts exp\u00e9riment\u00e9s et faites passer votre entreprise \u00e0 la vitesse sup\u00e9rieure.<br><br>Nous affinerons votre strat\u00e9gie commerciale et optimiserons vos efforts de marketing en ligne afin de garantir un retour sur investissement maximal de vos campagnes PPC, SEO et SMM.<br><br>\r\n\r\n[\/vc_column_text]<div class=\"btn-wrap\" style=\"text-align:left\"><a href=\"\/fr\/consult\/\" class=\"button button--bestia \" target=\"_blank\"><div class=\"button__bg\"><\/div><span>PARLER \u00c0 NOS EXPERTS<\/span><\/a><\/div>[\/vc_column][\/vc_row][\/vc_column][\/vc_row]<\/p>\n<\/section>","protected":false},"excerpt":{"rendered":"<p>[vc_row css_animation=\u00a0\u00bb\u00a0\u00bb row_type=\u00a0\u00bbrow\u00a0\u00bb use_row_as_full_screen_section=\u00a0\u00bbno\u00a0\u00bb type=\u00a0\u00bbfull_width\u00a0\u00bb angled_section=\u00a0\u00bbno\u00a0\u00bb text_align=\u00a0\u00bbleft\u00a0\u00bb background_image_as_pattern=\u00a0\u00bbwithout_pattern\u00a0\u00bb el_id=\u00a0\u00bbpage-title\u00a0\u00bb z_index=\u00a0\u00bb\u00a0\u00bb][vc_column][vc_column_text] D\u00e9couvrez les Carri\u00e8res en Marketing Digital Vous cherchez une opportunit\u00e9 pour avoir un impact significatif sur des entreprises au Canada, aux \u00c9tats-Unis et dans les Cara\u00efbes ? Postulez d\u00e8s aujourd\u2019hui pour acqu\u00e9rir une exp\u00e9rience concr\u00e8te&#8230;<\/p>\n","protected":false},"author":1,"featured_media":0,"parent":0,"menu_order":0,"comment_status":"closed","ping_status":"closed","template":"full_width.php","meta":{"inline_featured_image":false,"footnotes":""},"class_list":["post-2512","page","type-page","status-publish","hentry"],"acf":[],"yoast_head":"<!-- This site is optimized with the Yoast SEO plugin v24.2 - https:\/\/yoast.com\/wordpress\/plugins\/seo\/ -->\n<title>Carri\u00e8res en marketing num\u00e9rique \u00e0 Montr\u00e9al | Elevate Digital Strategy<\/title>\n<meta name=\"description\" content=\"D\u00e9couvrez les carri\u00e8res chez Elevate Digital Strategy \u00e0 Montr\u00e9al et Toronto. Postes en marketing num\u00e9rique, SEO, publicit\u00e9, design et d\u00e9veloppement pour le Qu\u00e9bec et l\u2019Ontario.\" \/>\n<meta name=\"robots\" content=\"index, follow, max-snippet:-1, max-image-preview:large, max-video-preview:-1\" \/>\n<link rel=\"canonical\" href=\"https:\/\/elevatedigitalstrategy.com\/fr\/carrieres\/\" \/>\n<meta property=\"og:locale\" content=\"fr_FR\" \/>\n<meta property=\"og:type\" content=\"article\" \/>\n<meta property=\"og:title\" content=\"Carri\u00e8res en marketing num\u00e9rique \u00e0 Montr\u00e9al | Elevate Digital Strategy\" \/>\n<meta property=\"og:description\" content=\"D\u00e9couvrez les carri\u00e8res chez Elevate Digital Strategy \u00e0 Montr\u00e9al et Toronto. Postes en marketing num\u00e9rique, SEO, publicit\u00e9, design et d\u00e9veloppement pour le Qu\u00e9bec et l\u2019Ontario.\" \/>\n<meta property=\"og:url\" content=\"https:\/\/elevatedigitalstrategy.com\/fr\/carrieres\/\" \/>\n<meta property=\"og:site_name\" content=\"Elevate Digital Strategy\" \/>\n<meta property=\"article:modified_time\" content=\"2025-03-20T16:28:25+00:00\" \/>\n<meta property=\"og:image\" content=\"https:\/\/elevatedigitalstrategy.com\/wp-content\/uploads\/2025\/01\/elevatedigital.jpg\" \/>\n\t<meta property=\"og:image:width\" content=\"1200\" \/>\n\t<meta property=\"og:image:height\" content=\"675\" \/>\n\t<meta property=\"og:image:type\" content=\"image\/jpeg\" \/>\n<meta name=\"twitter:card\" content=\"summary_large_image\" \/>\n<meta name=\"twitter:label1\" content=\"Dur\u00e9e de lecture estim\u00e9e\" \/>\n\t<meta name=\"twitter:data1\" content=\"1 minute\" \/>\n<script type=\"application\/ld+json\" class=\"yoast-schema-graph\">{\"@context\":\"https:\/\/schema.org\",\"@graph\":[{\"@type\":\"WebPage\",\"@id\":\"https:\/\/elevatedigitalstrategy.com\/fr\/carrieres\/\",\"url\":\"https:\/\/elevatedigitalstrategy.com\/fr\/carrieres\/\",\"name\":\"Carri\u00e8res en marketing num\u00e9rique \u00e0 Montr\u00e9al | Elevate Digital Strategy\",\"isPartOf\":{\"@id\":\"https:\/\/elevatedigitalstrategy.com\/fr\/#website\"},\"datePublished\":\"2024-10-31T15:10:24+00:00\",\"dateModified\":\"2025-03-20T16:28:25+00:00\",\"description\":\"D\u00e9couvrez les carri\u00e8res chez Elevate Digital Strategy \u00e0 Montr\u00e9al et Toronto. Postes en marketing num\u00e9rique, SEO, publicit\u00e9, design et d\u00e9veloppement pour le Qu\u00e9bec et l\u2019Ontario.\",\"breadcrumb\":{\"@id\":\"https:\/\/elevatedigitalstrategy.com\/fr\/carrieres\/#breadcrumb\"},\"inLanguage\":\"fr-FR\",\"potentialAction\":[{\"@type\":\"ReadAction\",\"target\":[\"https:\/\/elevatedigitalstrategy.com\/fr\/carrieres\/\"]}]},{\"@type\":\"BreadcrumbList\",\"@id\":\"https:\/\/elevatedigitalstrategy.com\/fr\/carrieres\/#breadcrumb\",\"itemListElement\":[{\"@type\":\"ListItem\",\"position\":1,\"name\":\"Home\",\"item\":\"https:\/\/elevatedigitalstrategy.com\/fr\/\"},{\"@type\":\"ListItem\",\"position\":2,\"name\":\"Carri\u00e8res\"}]},{\"@type\":\"WebSite\",\"@id\":\"https:\/\/elevatedigitalstrategy.com\/fr\/#website\",\"url\":\"https:\/\/elevatedigitalstrategy.com\/fr\/\",\"name\":\"Elevate Digital Strategy\",\"description\":\"Marketing Management Solutions in Montreal\",\"publisher\":{\"@id\":\"https:\/\/elevatedigitalstrategy.com\/fr\/#organization\"},\"potentialAction\":[{\"@type\":\"SearchAction\",\"target\":{\"@type\":\"EntryPoint\",\"urlTemplate\":\"https:\/\/elevatedigitalstrategy.com\/fr\/?s={search_term_string}\"},\"query-input\":{\"@type\":\"PropertyValueSpecification\",\"valueRequired\":true,\"valueName\":\"search_term_string\"}}],\"inLanguage\":\"fr-FR\"},{\"@type\":\"Organization\",\"@id\":\"https:\/\/elevatedigitalstrategy.com\/fr\/#organization\",\"name\":\"Marketing Management Solutions in Montreal\",\"url\":\"https:\/\/elevatedigitalstrategy.com\/fr\/\",\"logo\":{\"@type\":\"ImageObject\",\"inLanguage\":\"fr-FR\",\"@id\":\"https:\/\/elevatedigitalstrategy.com\/fr\/#\/schema\/logo\/image\/\",\"url\":\"https:\/\/elevatedigitalstrategy.com\/wp-content\/uploads\/2025\/01\/elevatedigital.png\",\"contentUrl\":\"https:\/\/elevatedigitalstrategy.com\/wp-content\/uploads\/2025\/01\/elevatedigital.png\",\"width\":1000,\"height\":457,\"caption\":\"Marketing Management Solutions in Montreal\"},\"image\":{\"@id\":\"https:\/\/elevatedigitalstrategy.com\/fr\/#\/schema\/logo\/image\/\"}}]}<\/script>\n<!-- \/ Yoast SEO plugin. -->","yoast_head_json":{"title":"Carri\u00e8res en marketing num\u00e9rique \u00e0 Montr\u00e9al | Elevate Digital Strategy","description":"D\u00e9couvrez les carri\u00e8res chez Elevate Digital Strategy \u00e0 Montr\u00e9al et Toronto. Postes en marketing num\u00e9rique, SEO, publicit\u00e9, design et d\u00e9veloppement pour le Qu\u00e9bec et l\u2019Ontario.","robots":{"index":"index","follow":"follow","max-snippet":"max-snippet:-1","max-image-preview":"max-image-preview:large","max-video-preview":"max-video-preview:-1"},"canonical":"https:\/\/elevatedigitalstrategy.com\/fr\/carrieres\/","og_locale":"fr_FR","og_type":"article","og_title":"Carri\u00e8res en marketing num\u00e9rique \u00e0 Montr\u00e9al | Elevate Digital Strategy","og_description":"D\u00e9couvrez les carri\u00e8res chez Elevate Digital Strategy \u00e0 Montr\u00e9al et Toronto. Postes en marketing num\u00e9rique, SEO, publicit\u00e9, design et d\u00e9veloppement pour le Qu\u00e9bec et l\u2019Ontario.","og_url":"https:\/\/elevatedigitalstrategy.com\/fr\/carrieres\/","og_site_name":"Elevate Digital Strategy","article_modified_time":"2025-03-20T16:28:25+00:00","og_image":[{"width":1200,"height":675,"url":"https:\/\/elevatedigitalstrategy.com\/wp-content\/uploads\/2025\/01\/elevatedigital.jpg","type":"image\/jpeg"}],"twitter_card":"summary_large_image","twitter_misc":{"Dur\u00e9e de lecture estim\u00e9e":"1 minute"},"schema":{"@context":"https:\/\/schema.org","@graph":[{"@type":"WebPage","@id":"https:\/\/elevatedigitalstrategy.com\/fr\/carrieres\/","url":"https:\/\/elevatedigitalstrategy.com\/fr\/carrieres\/","name":"Carri\u00e8res en marketing num\u00e9rique \u00e0 Montr\u00e9al | Elevate Digital Strategy","isPartOf":{"@id":"https:\/\/elevatedigitalstrategy.com\/fr\/#website"},"datePublished":"2024-10-31T15:10:24+00:00","dateModified":"2025-03-20T16:28:25+00:00","description":"D\u00e9couvrez les carri\u00e8res chez Elevate Digital Strategy \u00e0 Montr\u00e9al et Toronto. Postes en marketing num\u00e9rique, SEO, publicit\u00e9, design et d\u00e9veloppement pour le Qu\u00e9bec et l\u2019Ontario.","breadcrumb":{"@id":"https:\/\/elevatedigitalstrategy.com\/fr\/carrieres\/#breadcrumb"},"inLanguage":"fr-FR","potentialAction":[{"@type":"ReadAction","target":["https:\/\/elevatedigitalstrategy.com\/fr\/carrieres\/"]}]},{"@type":"BreadcrumbList","@id":"https:\/\/elevatedigitalstrategy.com\/fr\/carrieres\/#breadcrumb","itemListElement":[{"@type":"ListItem","position":1,"name":"Home","item":"https:\/\/elevatedigitalstrategy.com\/fr\/"},{"@type":"ListItem","position":2,"name":"Carri\u00e8res"}]},{"@type":"WebSite","@id":"https:\/\/elevatedigitalstrategy.com\/fr\/#website","url":"https:\/\/elevatedigitalstrategy.com\/fr\/","name":"Elevate Digital Strategy","description":"Marketing Management Solutions in Montreal","publisher":{"@id":"https:\/\/elevatedigitalstrategy.com\/fr\/#organization"},"potentialAction":[{"@type":"SearchAction","target":{"@type":"EntryPoint","urlTemplate":"https:\/\/elevatedigitalstrategy.com\/fr\/?s={search_term_string}"},"query-input":{"@type":"PropertyValueSpecification","valueRequired":true,"valueName":"search_term_string"}}],"inLanguage":"fr-FR"},{"@type":"Organization","@id":"https:\/\/elevatedigitalstrategy.com\/fr\/#organization","name":"Marketing Management Solutions in Montreal","url":"https:\/\/elevatedigitalstrategy.com\/fr\/","logo":{"@type":"ImageObject","inLanguage":"fr-FR","@id":"https:\/\/elevatedigitalstrategy.com\/fr\/#\/schema\/logo\/image\/","url":"https:\/\/elevatedigitalstrategy.com\/wp-content\/uploads\/2025\/01\/elevatedigital.png","contentUrl":"https:\/\/elevatedigitalstrategy.com\/wp-content\/uploads\/2025\/01\/elevatedigital.png","width":1000,"height":457,"caption":"Marketing Management Solutions in Montreal"},"image":{"@id":"https:\/\/elevatedigitalstrategy.com\/fr\/#\/schema\/logo\/image\/"}}]}},"_links":{"self":[{"href":"https:\/\/elevatedigitalstrategy.com\/fr\/wp-json\/wp\/v2\/pages\/2512","targetHints":{"allow":["GET"]}}],"collection":[{"href":"https:\/\/elevatedigitalstrategy.com\/fr\/wp-json\/wp\/v2\/pages"}],"about":[{"href":"https:\/\/elevatedigitalstrategy.com\/fr\/wp-json\/wp\/v2\/types\/page"}],"author":[{"embeddable":true,"href":"https:\/\/elevatedigitalstrategy.com\/fr\/wp-json\/wp\/v2\/users\/1"}],"replies":[{"embeddable":true,"href":"https:\/\/elevatedigitalstrategy.com\/fr\/wp-json\/wp\/v2\/comments?post=2512"}],"version-history":[{"count":4,"href":"https:\/\/elevatedigitalstrategy.com\/fr\/wp-json\/wp\/v2\/pages\/2512\/revisions"}],"predecessor-version":[{"id":2577,"href":"https:\/\/elevatedigitalstrategy.com\/fr\/wp-json\/wp\/v2\/pages\/2512\/revisions\/2577"}],"wp:attachment":[{"href":"https:\/\/elevatedigitalstrategy.com\/fr\/wp-json\/wp\/v2\/media?parent=2512"}],"curies":[{"name":"wp","href":"https:\/\/api.w.org\/{rel}","templated":true}]}}