{"id":2524,"date":"2024-10-31T13:29:31","date_gmt":"2024-10-31T13:29:31","guid":{"rendered":"https:\/\/elevatedigitalstrategy.com\/notre-methodologie\/"},"modified":"2025-03-19T17:41:38","modified_gmt":"2025-03-19T17:41:38","slug":"notre-methodologie","status":"publish","type":"page","link":"https:\/\/elevatedigitalstrategy.com\/fr\/notre-methodologie\/","title":{"rendered":"Notre m\u00e9thodologie"},"content":{"rendered":"<section class=\"wpb-content-wrapper\"><p>[vc_row css_animation=\u00a0\u00bb\u00a0\u00bb row_type=\u00a0\u00bbrow\u00a0\u00bb use_row_as_full_screen_section=\u00a0\u00bbno\u00a0\u00bb type=\u00a0\u00bbfull_width\u00a0\u00bb angled_section=\u00a0\u00bbno\u00a0\u00bb text_align=\u00a0\u00bbleft\u00a0\u00bb background_image_as_pattern=\u00a0\u00bbwithout_pattern\u00a0\u00bb el_id=\u00a0\u00bbpage-title\u00a0\u00bb z_index=\u00a0\u00bb\u00a0\u00bb][vc_column][vc_column_text]<\/p>\n<h1 style=\"text-align: center;\">Notre Processus pour Atteindre Vos Objectifs et Vous Apporter des R\u00e9sultats<\/h1>\n<p><\/p>\n<h2 style=\"text-align: center;\">Construire la Confiance, la Fid\u00e9lit\u00e9 et la Croissance<\/h2>\n<p><\/p>\n<p style=\"text-align: center;\">Nous sommes plus qu&rsquo;une agence de marketing\u2014nous sommes votre partenaire dans la cr\u00e9ation de relations durables avec vos clients. En favorisant la fid\u00e9lit\u00e9 et la confiance, nous aidons \u00e0 accro\u00eetre vos revenus, \u00e0 encourager les clients \u00e0 revenir et \u00e0 g\u00e9n\u00e9rer des recommandations par le bouche-\u00e0-oreille. Gr\u00e2ce \u00e0 notre expertise approfondie des outils et canaux du marketing digital, nous veillons \u00e0 ce que votre entreprise atteigne efficacement son audience id\u00e9ale.<\/p>\n<p>\n[\/vc_column_text][\/vc_column][\/vc_row][vc_row css_animation=\u00a0\u00bb\u00a0\u00bb row_type=\u00a0\u00bbrow\u00a0\u00bb use_row_as_full_screen_section=\u00a0\u00bbno\u00a0\u00bb type=\u00a0\u00bbfull_width\u00a0\u00bb angled_section=\u00a0\u00bbno\u00a0\u00bb text_align=\u00a0\u00bbleft\u00a0\u00bb background_image_as_pattern=\u00a0\u00bbwithout_pattern\u00a0\u00bb el_id=\u00a0\u00bbmethod\u00a0\u00bb z_index=\u00a0\u00bb\u00a0\u00bb][vc_column][vc_row_inner row_type=\u00a0\u00bbrow\u00a0\u00bb type=\u00a0\u00bbfull_width\u00a0\u00bb text_align=\u00a0\u00bbleft\u00a0\u00bb css_animation=\u00a0\u00bb\u00a0\u00bb][vc_column_inner width=\u00a0\u00bb1\/2&Prime;][vc_single_image image=\u00a0\u00bb2090&Prime; img_size=\u00a0\u00bbfull\u00a0\u00bb qode_css_animation=\u00a0\u00bb\u00a0\u00bb][\/vc_column_inner][vc_column_inner width=\u00a0\u00bb1\/2&Prime;][vc_column_text]<\/p>\n<h3>\u00c9tape 1: D\u00e9couverte<\/h3>\n<p>\u00c0 travers une <strong>recherche et une analyse<\/strong> approfondies, nous identifions des insights cl\u00e9s, ciblons les d\u00e9fis et rep\u00e9rons les opportunit\u00e9s pour \u00e9laborer une strat\u00e9gie adapt\u00e9e aux objectifs uniques de votre entreprise.[\/vc_column_text][\/vc_column_inner][\/vc_row_inner][vc_row_inner row_type=\u00a0\u00bbrow\u00a0\u00bb type=\u00a0\u00bbfull_width\u00a0\u00bb text_align=\u00a0\u00bbleft\u00a0\u00bb css_animation=\u00a0\u00bb\u00a0\u00bb][vc_column_inner width=\u00a0\u00bb1\/2&Prime;][vc_single_image image=\u00a0\u00bb2001&Prime; img_size=\u00a0\u00bbfull\u00a0\u00bb qode_css_animation=\u00a0\u00bb\u00a0\u00bb][\/vc_column_inner][vc_column_inner width=\u00a0\u00bb1\/2&Prime;][vc_column_text]<\/p>\n<h3>\u00c9tape 2 : Planification strat\u00e9gique<\/h3>\n<p>Sur la base de nos analyses, nous concevons une <strong>strat\u00e9gie sur mesure<\/strong> qui s\u2019aligne avec votre marque et captive votre audience cible, en int\u00e9grant les tendances du secteur pour vous maintenir comp\u00e9titif.[\/vc_column_text][\/vc_column_inner][\/vc_row_inner][vc_row_inner row_type=\u00a0\u00bbrow\u00a0\u00bb type=\u00a0\u00bbfull_width\u00a0\u00bb text_align=\u00a0\u00bbleft\u00a0\u00bb css_animation=\u00a0\u00bb\u00a0\u00bb][vc_column_inner width=\u00a0\u00bb1\/2&Prime;][vc_single_image image=\u00a0\u00bb1998&Prime; img_size=\u00a0\u00bbfull\u00a0\u00bb qode_css_animation=\u00a0\u00bb\u00a0\u00bb][\/vc_column_inner][vc_column_inner width=\u00a0\u00bb1\/2&Prime;][vc_column_text]<\/p>\n<h3>\u00c9tape 3 : Mise en place des solutions<\/h3>\n<p>Nous donnons vie \u00e0 la strat\u00e9gie en <strong>cr\u00e9ant des ressources et des cadres<\/strong> qui refl\u00e8tent vos objectifs. En utilisant les technologies les plus r\u00e9centes et les meilleures pratiques, nous garantissons que chaque \u00e9l\u00e9ment contribue \u00e0 votre succ\u00e8s.[\/vc_column_text][\/vc_column_inner][\/vc_row_inner][vc_row_inner row_type=\u00a0\u00bbrow\u00a0\u00bb type=\u00a0\u00bbfull_width\u00a0\u00bb text_align=\u00a0\u00bbleft\u00a0\u00bb css_animation=\u00a0\u00bb\u00a0\u00bb][vc_column_inner width=\u00a0\u00bb1\/2&Prime;][vc_single_image image=\u00a0\u00bb2014&Prime; img_size=\u00a0\u00bbfull\u00a0\u00bb qode_css_animation=\u00a0\u00bb\u00a0\u00bb][\/vc_column_inner][vc_column_inner width=\u00a0\u00bb1\/2&Prime;][vc_column_text]<\/p>\n<h3>\u00c9tape 4 : Lancement et ex\u00e9cution<\/h3>\n<p>Une fois les bases \u00e9tablies, nous <strong>lan\u00e7ons et g\u00e9rons les campagnes<\/strong>, en activant des strat\u00e9gies sur tous les canaux pertinents tout en maintenant une communication ouverte pour assurer une ex\u00e9cution sans faille.<\/p>\n<p>[\/vc_column_text][\/vc_column_inner][\/vc_row_inner][vc_row_inner row_type=\u00a0\u00bbrow\u00a0\u00bb type=\u00a0\u00bbfull_width\u00a0\u00bb text_align=\u00a0\u00bbleft\u00a0\u00bb css_animation=\u00a0\u00bb\u00a0\u00bb][vc_column_inner width=\u00a0\u00bb1\/2&Prime;][vc_single_image image=\u00a0\u00bb2000&Prime; img_size=\u00a0\u00bbfull\u00a0\u00bb qode_css_animation=\u00a0\u00bb\u00a0\u00bb][\/vc_column_inner][vc_column_inner width=\u00a0\u00bb1\/2&Prime;][vc_column_text]<\/p>\n<h3>\u00c9tape 5 : Optimisation et Adaptation<\/h3>\n<p>Au fur et \u00e0 mesure de l\u2019avancement de votre campagne, nous surveillons la performance, nous nous <strong>adaptons aux retours et nous affinons notre approche<\/strong>, garantissant une am\u00e9lioration continue et une croissance durable pour votre entreprise.<br \/>[\/vc_column_text][\/vc_column_inner][\/vc_row_inner][\/vc_column][\/vc_row][vc_row css_animation=\u00a0\u00bb\u00a0\u00bb row_type=\u00a0\u00bbrow\u00a0\u00bb use_row_as_full_screen_section=\u00a0\u00bbno\u00a0\u00bb type=\u00a0\u00bbfull_width\u00a0\u00bb angled_section=\u00a0\u00bbno\u00a0\u00bb text_align=\u00a0\u00bbleft\u00a0\u00bb background_image_as_pattern=\u00a0\u00bbwithout_pattern\u00a0\u00bb el_class=\u00a0\u00bbwait\u00a0\u00bb z_index=\u00a0\u00bb\u00a0\u00bb][vc_column][vc_column_text]<\/p>\n<h2 style=\"text-align: center;\">Pourquoi attendre ? Contactez-nous d\u00e8s aujourd\u2019hui et regardez votre entreprise se d\u00e9velopper !<\/h2>\n<p><\/p>\n<p style=\"text-align: center;\">Commencez d\u00e8s maintenant.<\/p>\n<p>\n[\/vc_column_text]<div class=\"btn-wrap\" style=\"text-align:center\"><a href=\"\/fr\/consult\/\" class=\"button button--bestia \" target=\"_self\"><div class=\"button__bg\"><\/div><span>Planifier un appel<\/span><\/a><\/div>[\/vc_column][\/vc_row][vc_row css_animation=\u00a0\u00bb\u00a0\u00bb row_type=\u00a0\u00bbrow\u00a0\u00bb use_row_as_full_screen_section=\u00a0\u00bbno\u00a0\u00bb type=\u00a0\u00bbfull_width\u00a0\u00bb angled_section=\u00a0\u00bbno\u00a0\u00bb text_align=\u00a0\u00bbleft\u00a0\u00bb background_image_as_pattern=\u00a0\u00bbwithout_pattern\u00a0\u00bb el_class=\u00a0\u00bbglobal\u00a0\u00bb z_index=\u00a0\u00bb\u00a0\u00bb][vc_column][vc_row css_animation=\"\" row_type=\"row\" use_row_as_full_screen_section=\"no\" type=\"full_width\" angled_section=\"no\" text_align=\"left\" background_image_as_pattern=\"without_pattern\" el_id=\"call2action\" z_index=\"\"][vc_column width=\"1\/3\"][vc_raw_html]PHN2ZyBpZD0iY2FsbG1lIiB4bWxucz0iaHR0cDovL3d3dy53My5vcmcvMjAwMC9zdmciIHhtbG5zOnhsaW5rPSJodHRwOi8vd3d3LnczLm9yZy8xOTk5L3hsaW5rIiB2aWV3Qm94PSIwIDAgMjAxLjg3IDE5Ni42NyI+DQogIDxkZWZzPg0KICAgIDxzdHlsZT4NCiAgICAgIC5iZ2ctMSB7DQogICAgICAgIGZpbGw6IHVybCgjX2JnZ18xMS0yKTsNCiAgICAgIH0NCg0KICAgICAgLmJnZy0xLCAuYmdnLTIsIC5iZ2ctMywgLmJnZy00LCAuYmdnLTUsIC5iZ2ctNiB7DQogICAgICAgIHN0cm9rZS13aWR0aDogMHB4Ow0KICAgICAgfQ0KDQogICAgICAuYmdnLTIgew0KICAgICAgICBmaWxsOiB1cmwoI19iZ2dfMTEtMyk7DQogICAgICB9DQoNCiAgICAgIC5iZ2ctMyB7DQogICAgICAgIGZpbGw6IHVybCgjX2JnZ184KTsNCiAgICAgIH0NCg0KICAgICAgLmJnZy00IHsNCiAgICAgICAgZmlsbDogdXJsKCNfYmdnXzExKTsNCiAgICAgIH0NCg0KICAgICAgLmJnZy01IHsNCiAgICAgICAgZmlsbDogdXJsKCNfYmdnXzgtMyk7DQogICAgICB9DQoNCiAgICAgIC5iZ2ctNiB7DQogICAgICAgIGZpbGw6IHVybCgjX2JnZ184LTIpOw0KICAgICAgfQ0KICAgIDwvc3R5bGU+DQogICAgPGxpbmVhckdyYWRpZW50IGlkPSJfYmdnXzgiIGRhdGEtbmFtZT0i0JHQtdC30YvQvNGP0L3QvdGL0Lkg0LPRgNCw0LTQuNC10L3RgiA4IiB4MT0iNDAxLjEzIiB5MT0iNDI5Ljg5IiB4Mj0iNDczLjczIiB5Mj0iNDI5Ljg5IiBncmFkaWVudFRyYW5zZm9ybT0idHJhbnNsYXRlKDc3LjQ3IDc0OS42Nykgcm90YXRlKC00NC4zMykgc2NhbGUoLjk5IC0uOTkpIHNrZXdYKC0xLjMzKSIgZ3JhZGllbnRVbml0cz0idXNlclNwYWNlT25Vc2UiPg0KICAgICAgPHN0b3Agb2Zmc2V0PSIuMjQiIHN0b3AtY29sb3I9IiMzNTUyN2MiLz4NCiAgICAgIDxzdG9wIG9mZnNldD0iLjY3IiBzdG9wLWNvbG9yPSIjM2E0ODYwIi8+DQogICAgPC9saW5lYXJHcmFkaWVudD4NCiAgICA8bGluZWFyR3JhZGllbnQgaWQ9Il9iZ2dfMTEiIGRhdGEtbmFtZT0i0JHQtdC30YvQvNGP0L3QvdGL0Lkg0LPRgNCw0LTQuNC10L3RgiAxMSIgeDE9IjM3OC44MiIgeTE9IjQyNy40NSIgeDI9IjQ3Ni44NCIgeTI9IjQyNy40NSIgZ3JhZGllbnRUcmFuc2Zvcm09InRyYW5zbGF0ZSgxMTguOCA3MjQuMTIpIHJvdGF0ZSgtNDQuMzMpIHNjYWxlKC45OSAtLjk5KSBza2V3WCgtMS4zMykiIGdyYWRpZW50VW5pdHM9InVzZXJTcGFjZU9uVXNlIj4NCiAgICAgIDxzdG9wIG9mZnNldD0iLjQ0IiBzdG9wLWNvbG9yPSIjNTI1NDdhIi8+DQogICAgICA8c3RvcCBvZmZzZXQ9Ii42OSIgc3RvcC1jb2xvcj0iIzQxM2Y1OCIvPg0KICAgIDwvbGluZWFyR3JhZGllbnQ+DQogICAgPGxpbmVhckdyYWRpZW50IGlkPSJfYmdnXzExLTIiIGRhdGEtbmFtZT0i0JHQtdC30YvQvNGP0L3QvdGL0Lkg0LPRgNCw0LTQuNC10L3RgiAxMSIgeDE9IjMyMS41IiB5MT0iNDM2LjIyIiB4Mj0iNDQyLjI2IiB5Mj0iNDM2LjIyIiBncmFkaWVudFRyYW5zZm9ybT0idHJhbnNsYXRlKDE5My43NiA2ODIuMzQpIHJvdGF0ZSgtNDQuMzMpIHNjYWxlKC45OSAtLjk5KSBza2V3WCgtMS4zMykiIHhsaW5rOmhyZWY9IiNfYmdnXzExIi8+DQogICAgPGxpbmVhckdyYWRpZW50IGlkPSJfYmdnXzExLTMiIGRhdGEtbmFtZT0i0JHQtdC30YvQvNGP0L3QvdGL0Lkg0LPRgNCw0LTQuNC10L3RgiAxMSIgeDE9IjI5NS4yNSIgeTE9IjM5Ni42NyIgeDI9IjQ0Mi42MSIgeTI9IjM5Ni42NyIgZ3JhZGllbnRUcmFuc2Zvcm09InRyYW5zbGF0ZSgyMTEuMjIgNjI3LjI3KSByb3RhdGUoLTQ0LjMzKSBzY2FsZSguOTkgLS45OSkgc2tld1goLTEuMzMpIiB4bGluazpocmVmPSIjX2JnZ18xMSIvPg0KICAgIDxsaW5lYXJHcmFkaWVudCBpZD0iX2JnZ184LTIiIGRhdGEtbmFtZT0i0JHQtdC30YvQvNGP0L3QvdGL0Lkg0LPRgNCw0LTQuNC10L3RgiA4IiB4MT0iMzMzLjczIiB5MT0iMTYwLjI1IiB4Mj0iMzU0Ljc1IiB5Mj0iMTYwLjI1IiBncmFkaWVudFRyYW5zZm9ybT0idHJhbnNsYXRlKC0yODkuOCAzMjAuNTEpIHNjYWxlKC45OCAtMSkiIHhsaW5rOmhyZWY9IiNfYmdnXzgiLz4NCiAgICA8bGluZWFyR3JhZGllbnQgaWQ9Il9iZ2dfOC0zIiBkYXRhLW5hbWU9ItCR0LXQt9GL0LzRj9C90L3Ri9C5INCz0YDQsNC00LjQtdC90YIgOCIgeDE9IjM3MC44NSIgeTE9IjE3MC4xNiIgeDI9IjM5MS44NiIgeTI9IjE3MC4xNiIgZ3JhZGllbnRUcmFuc2Zvcm09InRyYW5zbGF0ZSgtMzYyLjM0IDM0MC4zMSkgc2NhbGUoLjk4IC0xKSIgeGxpbms6aHJlZj0iI19iZ2dfOCIvPg0KICA8L2RlZnM+DQogIDxyZWN0IGNsYXNzPSJiZ2ctNSIgeD0iMCIgeT0iMTQ1LjMiIHdpZHRoPSIyMC41MyIgaGVpZ2h0PSI0OS43IiByeD0iNy40OCIgcnk9IjcuNDgiIHRyYW5zZm9ybT0idHJhbnNsYXRlKDIwLjUzIDM0MC4zMSkgcm90YXRlKC0xODApIi8+DQogIDxyZWN0IGNsYXNzPSJiZ2ctNiIgeD0iMzYuMjciIHk9IjEyNS41IiB3aWR0aD0iMjAuNTMiIGhlaWdodD0iNjkuNTEiIHJ4PSI3LjQ4IiByeT0iNy40OCIgdHJhbnNmb3JtPSJ0cmFuc2xhdGUoOTMuMDYgMzIwLjUxKSByb3RhdGUoLTE4MCkiLz4NCiAgPHJlY3QgY2xhc3M9ImJnZy0zIiB4PSIzNy4zNCIgeT0iMTQwLjE5IiB3aWR0aD0iOTAuOTMiIGhlaWdodD0iMjAuNTMiIHJ4PSI3LjgiIHJ5PSI3LjgiIHRyYW5zZm9ybT0idHJhbnNsYXRlKC02Ny42NiAyMzMuMjYpIHJvdGF0ZSgtOTApIi8+DQogIDxyZWN0IGNsYXNzPSJiZ2ctNCIgeD0iNTUuNjMiIHk9IjEyMi45NyIgd2lkdGg9IjEyNi44OCIgaGVpZ2h0PSIyMC41MyIgcng9IjcuOCIgcnk9IjcuOCIgdHJhbnNmb3JtPSJ0cmFuc2xhdGUoLTE0LjE2IDI1Mi4zKSByb3RhdGUoLTkwKSIvPg0KICA8cmVjdCBjbGFzcz0iYmdnLTEiIHg9Ijc1LjgxIiB5PSIxMDYuODgiIHdpZHRoPSIxNTkuMDUiIGhlaWdodD0iMjAuNTMiIHJ4PSI3LjgiIHJ5PSI3LjgiIHRyYW5zZm9ybT0idHJhbnNsYXRlKDM4LjE5IDI3Mi40OCkgcm90YXRlKC05MCkiLz4NCiAgPHJlY3QgY2xhc3M9ImJnZy0yIiB4PSI5My4yNyIgeT0iODguMDciIHdpZHRoPSIxOTYuNjciIGhlaWdodD0iMjAuNTMiIHJ4PSI3LjgiIHJ5PSI3LjgiIHRyYW5zZm9ybT0idHJhbnNsYXRlKDkzLjI3IDI4OS45NCkgcm90YXRlKC05MCkiLz4NCjwvc3ZnPg==[\/vc_raw_html][\/vc_column][vc_column width=\"2\/3\"][vc_column_text]\r\n<h2>D\u00e9veloppez votre marque et augmentez votre chiffre d'affaires d\u00e8s aujourd'hui !<\/h2><br>Parlez \u00e0 nos experts exp\u00e9riment\u00e9s et faites passer votre entreprise \u00e0 la vitesse sup\u00e9rieure.<br><br>Nous affinerons votre strat\u00e9gie commerciale et optimiserons vos efforts de marketing en ligne afin de garantir un retour sur investissement maximal de vos campagnes PPC, SEO et SMM.<br><br>\r\n\r\n[\/vc_column_text]<div class=\"btn-wrap\" style=\"text-align:left\"><a href=\"\/fr\/consult\/\" class=\"button button--bestia \" target=\"_blank\"><div class=\"button__bg\"><\/div><span>PARLER \u00c0 NOS EXPERTS<\/span><\/a><\/div>[\/vc_column][\/vc_row][\/vc_column][\/vc_row]<\/p>\n<\/section>","protected":false},"excerpt":{"rendered":"<p>[vc_row css_animation=\u00a0\u00bb\u00a0\u00bb row_type=\u00a0\u00bbrow\u00a0\u00bb use_row_as_full_screen_section=\u00a0\u00bbno\u00a0\u00bb type=\u00a0\u00bbfull_width\u00a0\u00bb angled_section=\u00a0\u00bbno\u00a0\u00bb text_align=\u00a0\u00bbleft\u00a0\u00bb background_image_as_pattern=\u00a0\u00bbwithout_pattern\u00a0\u00bb el_id=\u00a0\u00bbpage-title\u00a0\u00bb z_index=\u00a0\u00bb\u00a0\u00bb][vc_column][vc_column_text] Notre Processus pour Atteindre Vos Objectifs et Vous Apporter des R\u00e9sultats Construire la Confiance, la Fid\u00e9lit\u00e9 et la Croissance Nous sommes plus qu&rsquo;une agence de marketing\u2014nous sommes votre partenaire dans la cr\u00e9ation de relations durables&#8230;<\/p>\n","protected":false},"author":1,"featured_media":0,"parent":0,"menu_order":0,"comment_status":"closed","ping_status":"closed","template":"full_width.php","meta":{"inline_featured_image":false,"footnotes":""},"class_list":["post-2524","page","type-page","status-publish","hentry"],"acf":[],"yoast_head":"<!-- This site is optimized with the Yoast SEO plugin v24.2 - https:\/\/yoast.com\/wordpress\/plugins\/seo\/ -->\n<title>Notre m\u00e9thodologie marketing | SEO et croissance<\/title>\n<meta name=\"description\" content=\"D\u00e9couvrez notre m\u00e9thodologie en marketing num\u00e9rique. Approche structur\u00e9e pour la croissance digitale \u00e0 Montr\u00e9al et Toronto.\" \/>\n<meta name=\"robots\" content=\"index, follow, max-snippet:-1, max-image-preview:large, max-video-preview:-1\" \/>\n<link rel=\"canonical\" href=\"https:\/\/elevatedigitalstrategy.com\/fr\/notre-methodologie\/\" \/>\n<meta property=\"og:locale\" content=\"fr_FR\" \/>\n<meta property=\"og:type\" content=\"article\" \/>\n<meta property=\"og:title\" content=\"Notre m\u00e9thodologie marketing | SEO et croissance\" \/>\n<meta property=\"og:description\" content=\"D\u00e9couvrez notre m\u00e9thodologie en marketing num\u00e9rique. Approche structur\u00e9e pour la croissance digitale \u00e0 Montr\u00e9al et Toronto.\" \/>\n<meta property=\"og:url\" content=\"https:\/\/elevatedigitalstrategy.com\/fr\/notre-methodologie\/\" \/>\n<meta property=\"og:site_name\" content=\"Elevate Digital Strategy\" \/>\n<meta property=\"article:modified_time\" content=\"2025-03-19T17:41:38+00:00\" \/>\n<meta property=\"og:image\" content=\"https:\/\/elevatedigitalstrategy.com\/wp-content\/uploads\/2025\/01\/elevatedigital.jpg\" \/>\n\t<meta property=\"og:image:width\" content=\"1200\" \/>\n\t<meta property=\"og:image:height\" content=\"675\" \/>\n\t<meta property=\"og:image:type\" content=\"image\/jpeg\" \/>\n<meta name=\"twitter:card\" content=\"summary_large_image\" \/>\n<meta name=\"twitter:label1\" content=\"Dur\u00e9e de lecture estim\u00e9e\" \/>\n\t<meta name=\"twitter:data1\" content=\"4 minutes\" \/>\n<script type=\"application\/ld+json\" class=\"yoast-schema-graph\">{\"@context\":\"https:\/\/schema.org\",\"@graph\":[{\"@type\":\"WebPage\",\"@id\":\"https:\/\/elevatedigitalstrategy.com\/fr\/notre-methodologie\/\",\"url\":\"https:\/\/elevatedigitalstrategy.com\/fr\/notre-methodologie\/\",\"name\":\"Notre m\u00e9thodologie marketing | SEO et croissance\",\"isPartOf\":{\"@id\":\"https:\/\/elevatedigitalstrategy.com\/fr\/#website\"},\"datePublished\":\"2024-10-31T13:29:31+00:00\",\"dateModified\":\"2025-03-19T17:41:38+00:00\",\"description\":\"D\u00e9couvrez notre m\u00e9thodologie en marketing num\u00e9rique. Approche structur\u00e9e pour la croissance digitale \u00e0 Montr\u00e9al et Toronto.\",\"breadcrumb\":{\"@id\":\"https:\/\/elevatedigitalstrategy.com\/fr\/notre-methodologie\/#breadcrumb\"},\"inLanguage\":\"fr-FR\",\"potentialAction\":[{\"@type\":\"ReadAction\",\"target\":[\"https:\/\/elevatedigitalstrategy.com\/fr\/notre-methodologie\/\"]}]},{\"@type\":\"BreadcrumbList\",\"@id\":\"https:\/\/elevatedigitalstrategy.com\/fr\/notre-methodologie\/#breadcrumb\",\"itemListElement\":[{\"@type\":\"ListItem\",\"position\":1,\"name\":\"Home\",\"item\":\"https:\/\/elevatedigitalstrategy.com\/fr\/\"},{\"@type\":\"ListItem\",\"position\":2,\"name\":\"Notre m\u00e9thodologie\"}]},{\"@type\":\"WebSite\",\"@id\":\"https:\/\/elevatedigitalstrategy.com\/fr\/#website\",\"url\":\"https:\/\/elevatedigitalstrategy.com\/fr\/\",\"name\":\"Elevate Digital Strategy\",\"description\":\"Marketing Management Solutions in Montreal\",\"publisher\":{\"@id\":\"https:\/\/elevatedigitalstrategy.com\/fr\/#organization\"},\"potentialAction\":[{\"@type\":\"SearchAction\",\"target\":{\"@type\":\"EntryPoint\",\"urlTemplate\":\"https:\/\/elevatedigitalstrategy.com\/fr\/?s={search_term_string}\"},\"query-input\":{\"@type\":\"PropertyValueSpecification\",\"valueRequired\":true,\"valueName\":\"search_term_string\"}}],\"inLanguage\":\"fr-FR\"},{\"@type\":\"Organization\",\"@id\":\"https:\/\/elevatedigitalstrategy.com\/fr\/#organization\",\"name\":\"Marketing Management Solutions in Montreal\",\"url\":\"https:\/\/elevatedigitalstrategy.com\/fr\/\",\"logo\":{\"@type\":\"ImageObject\",\"inLanguage\":\"fr-FR\",\"@id\":\"https:\/\/elevatedigitalstrategy.com\/fr\/#\/schema\/logo\/image\/\",\"url\":\"https:\/\/elevatedigitalstrategy.com\/wp-content\/uploads\/2025\/01\/elevatedigital.png\",\"contentUrl\":\"https:\/\/elevatedigitalstrategy.com\/wp-content\/uploads\/2025\/01\/elevatedigital.png\",\"width\":1000,\"height\":457,\"caption\":\"Marketing Management Solutions in Montreal\"},\"image\":{\"@id\":\"https:\/\/elevatedigitalstrategy.com\/fr\/#\/schema\/logo\/image\/\"}}]}<\/script>\n<!-- \/ Yoast SEO plugin. -->","yoast_head_json":{"title":"Notre m\u00e9thodologie marketing | SEO et croissance","description":"D\u00e9couvrez notre m\u00e9thodologie en marketing num\u00e9rique. Approche structur\u00e9e pour la croissance digitale \u00e0 Montr\u00e9al et Toronto.","robots":{"index":"index","follow":"follow","max-snippet":"max-snippet:-1","max-image-preview":"max-image-preview:large","max-video-preview":"max-video-preview:-1"},"canonical":"https:\/\/elevatedigitalstrategy.com\/fr\/notre-methodologie\/","og_locale":"fr_FR","og_type":"article","og_title":"Notre m\u00e9thodologie marketing | SEO et croissance","og_description":"D\u00e9couvrez notre m\u00e9thodologie en marketing num\u00e9rique. Approche structur\u00e9e pour la croissance digitale \u00e0 Montr\u00e9al et Toronto.","og_url":"https:\/\/elevatedigitalstrategy.com\/fr\/notre-methodologie\/","og_site_name":"Elevate Digital Strategy","article_modified_time":"2025-03-19T17:41:38+00:00","og_image":[{"width":1200,"height":675,"url":"https:\/\/elevatedigitalstrategy.com\/wp-content\/uploads\/2025\/01\/elevatedigital.jpg","type":"image\/jpeg"}],"twitter_card":"summary_large_image","twitter_misc":{"Dur\u00e9e de lecture estim\u00e9e":"4 minutes"},"schema":{"@context":"https:\/\/schema.org","@graph":[{"@type":"WebPage","@id":"https:\/\/elevatedigitalstrategy.com\/fr\/notre-methodologie\/","url":"https:\/\/elevatedigitalstrategy.com\/fr\/notre-methodologie\/","name":"Notre m\u00e9thodologie marketing | SEO et croissance","isPartOf":{"@id":"https:\/\/elevatedigitalstrategy.com\/fr\/#website"},"datePublished":"2024-10-31T13:29:31+00:00","dateModified":"2025-03-19T17:41:38+00:00","description":"D\u00e9couvrez notre m\u00e9thodologie en marketing num\u00e9rique. Approche structur\u00e9e pour la croissance digitale \u00e0 Montr\u00e9al et Toronto.","breadcrumb":{"@id":"https:\/\/elevatedigitalstrategy.com\/fr\/notre-methodologie\/#breadcrumb"},"inLanguage":"fr-FR","potentialAction":[{"@type":"ReadAction","target":["https:\/\/elevatedigitalstrategy.com\/fr\/notre-methodologie\/"]}]},{"@type":"BreadcrumbList","@id":"https:\/\/elevatedigitalstrategy.com\/fr\/notre-methodologie\/#breadcrumb","itemListElement":[{"@type":"ListItem","position":1,"name":"Home","item":"https:\/\/elevatedigitalstrategy.com\/fr\/"},{"@type":"ListItem","position":2,"name":"Notre m\u00e9thodologie"}]},{"@type":"WebSite","@id":"https:\/\/elevatedigitalstrategy.com\/fr\/#website","url":"https:\/\/elevatedigitalstrategy.com\/fr\/","name":"Elevate Digital Strategy","description":"Marketing Management Solutions in Montreal","publisher":{"@id":"https:\/\/elevatedigitalstrategy.com\/fr\/#organization"},"potentialAction":[{"@type":"SearchAction","target":{"@type":"EntryPoint","urlTemplate":"https:\/\/elevatedigitalstrategy.com\/fr\/?s={search_term_string}"},"query-input":{"@type":"PropertyValueSpecification","valueRequired":true,"valueName":"search_term_string"}}],"inLanguage":"fr-FR"},{"@type":"Organization","@id":"https:\/\/elevatedigitalstrategy.com\/fr\/#organization","name":"Marketing Management Solutions in Montreal","url":"https:\/\/elevatedigitalstrategy.com\/fr\/","logo":{"@type":"ImageObject","inLanguage":"fr-FR","@id":"https:\/\/elevatedigitalstrategy.com\/fr\/#\/schema\/logo\/image\/","url":"https:\/\/elevatedigitalstrategy.com\/wp-content\/uploads\/2025\/01\/elevatedigital.png","contentUrl":"https:\/\/elevatedigitalstrategy.com\/wp-content\/uploads\/2025\/01\/elevatedigital.png","width":1000,"height":457,"caption":"Marketing Management Solutions in Montreal"},"image":{"@id":"https:\/\/elevatedigitalstrategy.com\/fr\/#\/schema\/logo\/image\/"}}]}},"_links":{"self":[{"href":"https:\/\/elevatedigitalstrategy.com\/fr\/wp-json\/wp\/v2\/pages\/2524","targetHints":{"allow":["GET"]}}],"collection":[{"href":"https:\/\/elevatedigitalstrategy.com\/fr\/wp-json\/wp\/v2\/pages"}],"about":[{"href":"https:\/\/elevatedigitalstrategy.com\/fr\/wp-json\/wp\/v2\/types\/page"}],"author":[{"embeddable":true,"href":"https:\/\/elevatedigitalstrategy.com\/fr\/wp-json\/wp\/v2\/users\/1"}],"replies":[{"embeddable":true,"href":"https:\/\/elevatedigitalstrategy.com\/fr\/wp-json\/wp\/v2\/comments?post=2524"}],"version-history":[{"count":3,"href":"https:\/\/elevatedigitalstrategy.com\/fr\/wp-json\/wp\/v2\/pages\/2524\/revisions"}],"predecessor-version":[{"id":2527,"href":"https:\/\/elevatedigitalstrategy.com\/fr\/wp-json\/wp\/v2\/pages\/2524\/revisions\/2527"}],"wp:attachment":[{"href":"https:\/\/elevatedigitalstrategy.com\/fr\/wp-json\/wp\/v2\/media?parent=2524"}],"curies":[{"name":"wp","href":"https:\/\/api.w.org\/{rel}","templated":true}]}}