{"id":2536,"date":"2024-10-30T20:48:49","date_gmt":"2024-10-30T20:48:49","guid":{"rendered":"https:\/\/elevatedigitalstrategy.com\/faq\/"},"modified":"2025-03-19T18:36:29","modified_gmt":"2025-03-19T18:36:29","slug":"faq","status":"publish","type":"page","link":"https:\/\/elevatedigitalstrategy.com\/fr\/faq\/","title":{"rendered":"FAQ"},"content":{"rendered":"<section class=\"wpb-content-wrapper\"><p>[vc_row css_animation=\u00a0\u00bb\u00a0\u00bb row_type=\u00a0\u00bbrow\u00a0\u00bb use_row_as_full_screen_section=\u00a0\u00bbno\u00a0\u00bb type=\u00a0\u00bbfull_width\u00a0\u00bb angled_section=\u00a0\u00bbno\u00a0\u00bb text_align=\u00a0\u00bbleft\u00a0\u00bb background_image_as_pattern=\u00a0\u00bbwithout_pattern\u00a0\u00bb el_id=\u00a0\u00bbpage-title\u00a0\u00bb z_index=\u00a0\u00bb\u00a0\u00bb][vc_column][vc_column_text]<\/p>\n<h1 style=\"text-align: center;\">Explorez notre FAQ sur le Marketing Digital<\/h1>\n<p><\/p>\n<h2 style=\"text-align: center;\">Votre ressource incontournable pour obtenir des r\u00e9ponses aux questions courantes sur l\u2019optimisation de la visibilit\u00e9 en ligne, l\u2019engagement des audiences et la croissance dans le monde num\u00e9rique.<\/h2>\n<p>\n[\/vc_column_text][\/vc_column][\/vc_row][vc_row css_animation=\u00a0\u00bb\u00a0\u00bb row_type=\u00a0\u00bbrow\u00a0\u00bb use_row_as_full_screen_section=\u00a0\u00bbno\u00a0\u00bb type=\u00a0\u00bbfull_width\u00a0\u00bb angled_section=\u00a0\u00bbno\u00a0\u00bb text_align=\u00a0\u00bbleft\u00a0\u00bb background_image_as_pattern=\u00a0\u00bbwithout_pattern\u00a0\u00bb el_id=\u00a0\u00bbfaq\u00a0\u00bb z_index=\u00a0\u00bb\u00a0\u00bb][vc_column][vc_column_text]<\/p>\n<h3>Dans quels domaines avez-vous une expertise ?<\/h3>\n<p>Nous collaborons avec diverses entreprises dans de nombreux secteurs, tels que les spas, les h\u00f4tels, les medspas, les chirurgiens plasticiens, les avocats, les boutiques en ligne, etc. Avec une expertise approfondie, le \u00ab\u00a0langage\u00a0\u00bb de l&rsquo;algorithme SEO de Google ou les r\u00e8gles de Google Ads restent globalement les m\u00eames pour toutes les entreprises. C&rsquo;est pourquoi nous utilisons divers outils marketing pour adapter vos objectifs commerciaux \u00e0 un plan d&rsquo;action marketing personnalis\u00e9.[\/vc_column_text][vc_column_text]<\/p>\n<h3>Combien de temps devons-nous attendre avant de voir les r\u00e9sultats ?<\/h3>\n<p>Cela d\u00e9pend du canal marketing que nous utilisons.<\/p>\n<ul class=\"checkmarks\">\n<li>Pour <strong>le r\u00e9f\u00e9rencement naturel (SEO)<\/strong>, il peut falloir entre 3 et 18 mois pour que votre site Web et votre marque apparaissent dans les premiers r\u00e9sultats de recherche, en fonction du niveau de concurrence et de l\u2019intensit\u00e9 de leurs campagnes marketing.<\/li>\n<li>Pour <strong>la gestion des r\u00e9seaux sociaux<\/strong>, selon la saturation de votre march\u00e9 et l\u2019agressivit\u00e9 des campagnes de vos concurrents, il peut falloir entre 1 et 6 \u00e0 9 mois pour commencer \u00e0 fid\u00e9liser une base d\u2019abonn\u00e9s et susciter des r\u00e9actions \u00e0 vos publications, menant \u00e0 des contacts professionnels.<\/li>\n<li>Pour <strong> la publicit\u00e9 sur les r\u00e9seaux sociaux<\/strong> en paiement par clic (PPC), vous pouvez observer des r\u00e9sultats imm\u00e9diats en termes d\u2019augmentation des conversions (appels t\u00e9l\u00e9phoniques, e-mails), \u00e0 condition d\u2019avoir d\u00e9j\u00e0 un bon nombre de publications, une gestion r\u00e9guli\u00e8re des r\u00e9seaux sociaux et une audience engag\u00e9e.<\/li>\n<li>Pour <strong>Google Ads en paiement par clic (PPC)<\/strong>, les r\u00e9sultats sont visibles d\u00e8s la premi\u00e8re semaine. Toutefois, il est recommand\u00e9 d\u2019avoir un site Web bien optimis\u00e9 et convivial afin d\u2019augmenter les conversions et de r\u00e9duire le co\u00fbt par clic.<\/li>\n<\/ul>\n<p>\n[\/vc_column_text][vc_column_text]<\/p>\n<h3>Vos clients viennent-ils uniquement du Canada ?<\/h3>\n<p>En plus de g\u00e9rer des entreprises canadiennes, nous accompagnons \u00e9galement des soci\u00e9t\u00e9s aux \u00c9tats-Unis, dans les \u00eeles des Cara\u00efbes et en Europe ! Nous assurons un suivi rigoureux et une gestion fluide de toutes les actions marketing, comme si nos clients \u00e9taient locaux. [\/vc_column_text][vc_column_text]<\/p>\n<h3>Combien co\u00fbtent vos services ?<\/h3>\n<p>Nous proposons une gamme de forfaits personnalisables en fonction de vos objectifs, de la taille de votre entreprise et de vos besoins marketing. Lors de votre consultation avec l\u2019un de nos experts, nous \u00e9valuerons vos attentes et vous fournirons un devis sur mesure.[\/vc_column_text][vc_column_text]<\/p>\n<h3>Devons-nous signer un contrat ?<\/h3>\n<p>Le marketing en ligne d\u00e9pend de nombreux facteurs qui influencent la performance des campagnes et les r\u00e9sultats \u00e0 long terme. C\u2019est pourquoi nous recommandons id\u00e9alement une gestion de votre strat\u00e9gie marketing sur au moins 12 mois afin d\u2019analyser les comportements concurrentiels, les variations saisonni\u00e8res et les retours clients, tout en \u00e9valuant la croissance de votre entreprise chaque trimestre. [\/vc_column_text][\/vc_column][\/vc_row][vc_row css_animation=\u00a0\u00bb\u00a0\u00bb row_type=\u00a0\u00bbrow\u00a0\u00bb use_row_as_full_screen_section=\u00a0\u00bbno\u00a0\u00bb type=\u00a0\u00bbfull_width\u00a0\u00bb angled_section=\u00a0\u00bbno\u00a0\u00bb text_align=\u00a0\u00bbleft\u00a0\u00bb background_image_as_pattern=\u00a0\u00bbwithout_pattern\u00a0\u00bb el_class=\u00a0\u00bbwait\u00a0\u00bb z_index=\u00a0\u00bb\u00a0\u00bb][vc_column][vc_column_text]<\/p>\n<h2 style=\"text-align: center;\">Pourquoi attendre ? Contactez-nous d\u00e8s aujourd\u2019hui et regardez votre entreprise se d\u00e9velopper !<\/h2>\n<p><\/p>\n<p style=\"text-align: center;\">Commencez d\u00e8s maintenant.<\/p>\n<p>\n[\/vc_column_text]<div class=\"btn-wrap\" style=\"text-align:center\"><a href=\"\/fr\/consult\/\" class=\"button button--bestia \" target=\"_self\"><div class=\"button__bg\"><\/div><span>Planifier un appel<\/span><\/a><\/div>[\/vc_column][\/vc_row][vc_row css_animation=\u00a0\u00bb\u00a0\u00bb row_type=\u00a0\u00bbrow\u00a0\u00bb use_row_as_full_screen_section=\u00a0\u00bbno\u00a0\u00bb type=\u00a0\u00bbfull_width\u00a0\u00bb angled_section=\u00a0\u00bbno\u00a0\u00bb text_align=\u00a0\u00bbleft\u00a0\u00bb background_image_as_pattern=\u00a0\u00bbwithout_pattern\u00a0\u00bb el_class=\u00a0\u00bbglobal\u00a0\u00bb z_index=\u00a0\u00bb\u00a0\u00bb][vc_column][vc_row css_animation=\"\" row_type=\"row\" use_row_as_full_screen_section=\"no\" type=\"full_width\" angled_section=\"no\" text_align=\"left\" background_image_as_pattern=\"without_pattern\" el_id=\"call2action\" z_index=\"\"][vc_column width=\"1\/3\"][vc_raw_html]PHN2ZyBpZD0iY2FsbG1lIiB4bWxucz0iaHR0cDovL3d3dy53My5vcmcvMjAwMC9zdmciIHhtbG5zOnhsaW5rPSJodHRwOi8vd3d3LnczLm9yZy8xOTk5L3hsaW5rIiB2aWV3Qm94PSIwIDAgMjAxLjg3IDE5Ni42NyI+DQogIDxkZWZzPg0KICAgIDxzdHlsZT4NCiAgICAgIC5iZ2ctMSB7DQogICAgICAgIGZpbGw6IHVybCgjX2JnZ18xMS0yKTsNCiAgICAgIH0NCg0KICAgICAgLmJnZy0xLCAuYmdnLTIsIC5iZ2ctMywgLmJnZy00LCAuYmdnLTUsIC5iZ2ctNiB7DQogICAgICAgIHN0cm9rZS13aWR0aDogMHB4Ow0KICAgICAgfQ0KDQogICAgICAuYmdnLTIgew0KICAgICAgICBmaWxsOiB1cmwoI19iZ2dfMTEtMyk7DQogICAgICB9DQoNCiAgICAgIC5iZ2ctMyB7DQogICAgICAgIGZpbGw6IHVybCgjX2JnZ184KTsNCiAgICAgIH0NCg0KICAgICAgLmJnZy00IHsNCiAgICAgICAgZmlsbDogdXJsKCNfYmdnXzExKTsNCiAgICAgIH0NCg0KICAgICAgLmJnZy01IHsNCiAgICAgICAgZmlsbDogdXJsKCNfYmdnXzgtMyk7DQogICAgICB9DQoNCiAgICAgIC5iZ2ctNiB7DQogICAgICAgIGZpbGw6IHVybCgjX2JnZ184LTIpOw0KICAgICAgfQ0KICAgIDwvc3R5bGU+DQogICAgPGxpbmVhckdyYWRpZW50IGlkPSJfYmdnXzgiIGRhdGEtbmFtZT0i0JHQtdC30YvQvNGP0L3QvdGL0Lkg0LPRgNCw0LTQuNC10L3RgiA4IiB4MT0iNDAxLjEzIiB5MT0iNDI5Ljg5IiB4Mj0iNDczLjczIiB5Mj0iNDI5Ljg5IiBncmFkaWVudFRyYW5zZm9ybT0idHJhbnNsYXRlKDc3LjQ3IDc0OS42Nykgcm90YXRlKC00NC4zMykgc2NhbGUoLjk5IC0uOTkpIHNrZXdYKC0xLjMzKSIgZ3JhZGllbnRVbml0cz0idXNlclNwYWNlT25Vc2UiPg0KICAgICAgPHN0b3Agb2Zmc2V0PSIuMjQiIHN0b3AtY29sb3I9IiMzNTUyN2MiLz4NCiAgICAgIDxzdG9wIG9mZnNldD0iLjY3IiBzdG9wLWNvbG9yPSIjM2E0ODYwIi8+DQogICAgPC9saW5lYXJHcmFkaWVudD4NCiAgICA8bGluZWFyR3JhZGllbnQgaWQ9Il9iZ2dfMTEiIGRhdGEtbmFtZT0i0JHQtdC30YvQvNGP0L3QvdGL0Lkg0LPRgNCw0LTQuNC10L3RgiAxMSIgeDE9IjM3OC44MiIgeTE9IjQyNy40NSIgeDI9IjQ3Ni44NCIgeTI9IjQyNy40NSIgZ3JhZGllbnRUcmFuc2Zvcm09InRyYW5zbGF0ZSgxMTguOCA3MjQuMTIpIHJvdGF0ZSgtNDQuMzMpIHNjYWxlKC45OSAtLjk5KSBza2V3WCgtMS4zMykiIGdyYWRpZW50VW5pdHM9InVzZXJTcGFjZU9uVXNlIj4NCiAgICAgIDxzdG9wIG9mZnNldD0iLjQ0IiBzdG9wLWNvbG9yPSIjNTI1NDdhIi8+DQogICAgICA8c3RvcCBvZmZzZXQ9Ii42OSIgc3RvcC1jb2xvcj0iIzQxM2Y1OCIvPg0KICAgIDwvbGluZWFyR3JhZGllbnQ+DQogICAgPGxpbmVhckdyYWRpZW50IGlkPSJfYmdnXzExLTIiIGRhdGEtbmFtZT0i0JHQtdC30YvQvNGP0L3QvdGL0Lkg0LPRgNCw0LTQuNC10L3RgiAxMSIgeDE9IjMyMS41IiB5MT0iNDM2LjIyIiB4Mj0iNDQyLjI2IiB5Mj0iNDM2LjIyIiBncmFkaWVudFRyYW5zZm9ybT0idHJhbnNsYXRlKDE5My43NiA2ODIuMzQpIHJvdGF0ZSgtNDQuMzMpIHNjYWxlKC45OSAtLjk5KSBza2V3WCgtMS4zMykiIHhsaW5rOmhyZWY9IiNfYmdnXzExIi8+DQogICAgPGxpbmVhckdyYWRpZW50IGlkPSJfYmdnXzExLTMiIGRhdGEtbmFtZT0i0JHQtdC30YvQvNGP0L3QvdGL0Lkg0LPRgNCw0LTQuNC10L3RgiAxMSIgeDE9IjI5NS4yNSIgeTE9IjM5Ni42NyIgeDI9IjQ0Mi42MSIgeTI9IjM5Ni42NyIgZ3JhZGllbnRUcmFuc2Zvcm09InRyYW5zbGF0ZSgyMTEuMjIgNjI3LjI3KSByb3RhdGUoLTQ0LjMzKSBzY2FsZSguOTkgLS45OSkgc2tld1goLTEuMzMpIiB4bGluazpocmVmPSIjX2JnZ18xMSIvPg0KICAgIDxsaW5lYXJHcmFkaWVudCBpZD0iX2JnZ184LTIiIGRhdGEtbmFtZT0i0JHQtdC30YvQvNGP0L3QvdGL0Lkg0LPRgNCw0LTQuNC10L3RgiA4IiB4MT0iMzMzLjczIiB5MT0iMTYwLjI1IiB4Mj0iMzU0Ljc1IiB5Mj0iMTYwLjI1IiBncmFkaWVudFRyYW5zZm9ybT0idHJhbnNsYXRlKC0yODkuOCAzMjAuNTEpIHNjYWxlKC45OCAtMSkiIHhsaW5rOmhyZWY9IiNfYmdnXzgiLz4NCiAgICA8bGluZWFyR3JhZGllbnQgaWQ9Il9iZ2dfOC0zIiBkYXRhLW5hbWU9ItCR0LXQt9GL0LzRj9C90L3Ri9C5INCz0YDQsNC00LjQtdC90YIgOCIgeDE9IjM3MC44NSIgeTE9IjE3MC4xNiIgeDI9IjM5MS44NiIgeTI9IjE3MC4xNiIgZ3JhZGllbnRUcmFuc2Zvcm09InRyYW5zbGF0ZSgtMzYyLjM0IDM0MC4zMSkgc2NhbGUoLjk4IC0xKSIgeGxpbms6aHJlZj0iI19iZ2dfOCIvPg0KICA8L2RlZnM+DQogIDxyZWN0IGNsYXNzPSJiZ2ctNSIgeD0iMCIgeT0iMTQ1LjMiIHdpZHRoPSIyMC41MyIgaGVpZ2h0PSI0OS43IiByeD0iNy40OCIgcnk9IjcuNDgiIHRyYW5zZm9ybT0idHJhbnNsYXRlKDIwLjUzIDM0MC4zMSkgcm90YXRlKC0xODApIi8+DQogIDxyZWN0IGNsYXNzPSJiZ2ctNiIgeD0iMzYuMjciIHk9IjEyNS41IiB3aWR0aD0iMjAuNTMiIGhlaWdodD0iNjkuNTEiIHJ4PSI3LjQ4IiByeT0iNy40OCIgdHJhbnNmb3JtPSJ0cmFuc2xhdGUoOTMuMDYgMzIwLjUxKSByb3RhdGUoLTE4MCkiLz4NCiAgPHJlY3QgY2xhc3M9ImJnZy0zIiB4PSIzNy4zNCIgeT0iMTQwLjE5IiB3aWR0aD0iOTAuOTMiIGhlaWdodD0iMjAuNTMiIHJ4PSI3LjgiIHJ5PSI3LjgiIHRyYW5zZm9ybT0idHJhbnNsYXRlKC02Ny42NiAyMzMuMjYpIHJvdGF0ZSgtOTApIi8+DQogIDxyZWN0IGNsYXNzPSJiZ2ctNCIgeD0iNTUuNjMiIHk9IjEyMi45NyIgd2lkdGg9IjEyNi44OCIgaGVpZ2h0PSIyMC41MyIgcng9IjcuOCIgcnk9IjcuOCIgdHJhbnNmb3JtPSJ0cmFuc2xhdGUoLTE0LjE2IDI1Mi4zKSByb3RhdGUoLTkwKSIvPg0KICA8cmVjdCBjbGFzcz0iYmdnLTEiIHg9Ijc1LjgxIiB5PSIxMDYuODgiIHdpZHRoPSIxNTkuMDUiIGhlaWdodD0iMjAuNTMiIHJ4PSI3LjgiIHJ5PSI3LjgiIHRyYW5zZm9ybT0idHJhbnNsYXRlKDM4LjE5IDI3Mi40OCkgcm90YXRlKC05MCkiLz4NCiAgPHJlY3QgY2xhc3M9ImJnZy0yIiB4PSI5My4yNyIgeT0iODguMDciIHdpZHRoPSIxOTYuNjciIGhlaWdodD0iMjAuNTMiIHJ4PSI3LjgiIHJ5PSI3LjgiIHRyYW5zZm9ybT0idHJhbnNsYXRlKDkzLjI3IDI4OS45NCkgcm90YXRlKC05MCkiLz4NCjwvc3ZnPg==[\/vc_raw_html][\/vc_column][vc_column width=\"2\/3\"][vc_column_text]\r\n<h2>D\u00e9veloppez votre marque et augmentez votre chiffre d'affaires d\u00e8s aujourd'hui !<\/h2><br>Parlez \u00e0 nos experts exp\u00e9riment\u00e9s et faites passer votre entreprise \u00e0 la vitesse sup\u00e9rieure.<br><br>Nous affinerons votre strat\u00e9gie commerciale et optimiserons vos efforts de marketing en ligne afin de garantir un retour sur investissement maximal de vos campagnes PPC, SEO et SMM.<br><br>\r\n\r\n[\/vc_column_text]<div class=\"btn-wrap\" style=\"text-align:left\"><a href=\"\/fr\/consult\/\" class=\"button button--bestia \" target=\"_blank\"><div class=\"button__bg\"><\/div><span>PARLER \u00c0 NOS EXPERTS<\/span><\/a><\/div>[\/vc_column][\/vc_row][\/vc_column][\/vc_row]<\/p>\n<\/section>","protected":false},"excerpt":{"rendered":"<p>[vc_row css_animation=\u00a0\u00bb\u00a0\u00bb row_type=\u00a0\u00bbrow\u00a0\u00bb use_row_as_full_screen_section=\u00a0\u00bbno\u00a0\u00bb type=\u00a0\u00bbfull_width\u00a0\u00bb angled_section=\u00a0\u00bbno\u00a0\u00bb text_align=\u00a0\u00bbleft\u00a0\u00bb background_image_as_pattern=\u00a0\u00bbwithout_pattern\u00a0\u00bb el_id=\u00a0\u00bbpage-title\u00a0\u00bb z_index=\u00a0\u00bb\u00a0\u00bb][vc_column][vc_column_text] Explorez notre FAQ sur le Marketing Digital Votre ressource incontournable pour obtenir des r\u00e9ponses aux questions courantes sur l\u2019optimisation de la visibilit\u00e9 en ligne, l\u2019engagement des audiences et la croissance dans le monde num\u00e9rique. [\/vc_column_text][\/vc_column][\/vc_row][vc_row&#8230;<\/p>\n","protected":false},"author":1,"featured_media":0,"parent":0,"menu_order":0,"comment_status":"closed","ping_status":"closed","template":"full_width.php","meta":{"inline_featured_image":false,"footnotes":""},"class_list":["post-2536","page","type-page","status-publish","hentry"],"acf":[],"yoast_head":"<!-- This site is optimized with the Yoast SEO plugin v24.2 - https:\/\/yoast.com\/wordpress\/plugins\/seo\/ -->\n<title>FAQ marketing num\u00e9rique | Elevate Digital Strategy<\/title>\n<meta name=\"description\" content=\"Questions fr\u00e9quentes sur le marketing num\u00e9rique. SEO, Google Ads, sites web et strat\u00e9gies digitales pour Montr\u00e9al, Qu\u00e9bec, Toronto et Ontario.\" \/>\n<meta name=\"robots\" content=\"index, follow, max-snippet:-1, max-image-preview:large, max-video-preview:-1\" \/>\n<link rel=\"canonical\" href=\"https:\/\/elevatedigitalstrategy.com\/fr\/faq\/\" \/>\n<meta property=\"og:locale\" content=\"fr_FR\" \/>\n<meta property=\"og:type\" content=\"article\" \/>\n<meta property=\"og:title\" content=\"FAQ marketing num\u00e9rique | Elevate Digital Strategy\" \/>\n<meta property=\"og:description\" content=\"Questions fr\u00e9quentes sur le marketing num\u00e9rique. SEO, Google Ads, sites web et strat\u00e9gies digitales pour Montr\u00e9al, Qu\u00e9bec, Toronto et Ontario.\" \/>\n<meta property=\"og:url\" content=\"https:\/\/elevatedigitalstrategy.com\/fr\/faq\/\" \/>\n<meta property=\"og:site_name\" content=\"Elevate Digital Strategy\" \/>\n<meta property=\"article:modified_time\" content=\"2025-03-19T18:36:29+00:00\" \/>\n<meta property=\"og:image\" content=\"https:\/\/elevatedigitalstrategy.com\/wp-content\/uploads\/2025\/01\/elevatedigital.jpg\" \/>\n\t<meta property=\"og:image:width\" content=\"1200\" \/>\n\t<meta property=\"og:image:height\" content=\"675\" \/>\n\t<meta property=\"og:image:type\" content=\"image\/jpeg\" \/>\n<meta name=\"twitter:card\" content=\"summary_large_image\" \/>\n<meta name=\"twitter:label1\" content=\"Dur\u00e9e de lecture estim\u00e9e\" \/>\n\t<meta name=\"twitter:data1\" content=\"4 minutes\" \/>\n<script type=\"application\/ld+json\" class=\"yoast-schema-graph\">{\"@context\":\"https:\/\/schema.org\",\"@graph\":[{\"@type\":\"WebPage\",\"@id\":\"https:\/\/elevatedigitalstrategy.com\/fr\/faq\/\",\"url\":\"https:\/\/elevatedigitalstrategy.com\/fr\/faq\/\",\"name\":\"FAQ marketing num\u00e9rique | Elevate Digital Strategy\",\"isPartOf\":{\"@id\":\"https:\/\/elevatedigitalstrategy.com\/fr\/#website\"},\"datePublished\":\"2024-10-30T20:48:49+00:00\",\"dateModified\":\"2025-03-19T18:36:29+00:00\",\"description\":\"Questions fr\u00e9quentes sur le marketing num\u00e9rique. SEO, Google Ads, sites web et strat\u00e9gies digitales pour Montr\u00e9al, Qu\u00e9bec, Toronto et Ontario.\",\"breadcrumb\":{\"@id\":\"https:\/\/elevatedigitalstrategy.com\/fr\/faq\/#breadcrumb\"},\"inLanguage\":\"fr-FR\",\"potentialAction\":[{\"@type\":\"ReadAction\",\"target\":[\"https:\/\/elevatedigitalstrategy.com\/fr\/faq\/\"]}]},{\"@type\":\"BreadcrumbList\",\"@id\":\"https:\/\/elevatedigitalstrategy.com\/fr\/faq\/#breadcrumb\",\"itemListElement\":[{\"@type\":\"ListItem\",\"position\":1,\"name\":\"Home\",\"item\":\"https:\/\/elevatedigitalstrategy.com\/fr\/\"},{\"@type\":\"ListItem\",\"position\":2,\"name\":\"FAQ\"}]},{\"@type\":\"WebSite\",\"@id\":\"https:\/\/elevatedigitalstrategy.com\/fr\/#website\",\"url\":\"https:\/\/elevatedigitalstrategy.com\/fr\/\",\"name\":\"Elevate Digital Strategy\",\"description\":\"Marketing Management Solutions in Montreal\",\"publisher\":{\"@id\":\"https:\/\/elevatedigitalstrategy.com\/fr\/#organization\"},\"potentialAction\":[{\"@type\":\"SearchAction\",\"target\":{\"@type\":\"EntryPoint\",\"urlTemplate\":\"https:\/\/elevatedigitalstrategy.com\/fr\/?s={search_term_string}\"},\"query-input\":{\"@type\":\"PropertyValueSpecification\",\"valueRequired\":true,\"valueName\":\"search_term_string\"}}],\"inLanguage\":\"fr-FR\"},{\"@type\":\"Organization\",\"@id\":\"https:\/\/elevatedigitalstrategy.com\/fr\/#organization\",\"name\":\"Marketing Management Solutions in Montreal\",\"url\":\"https:\/\/elevatedigitalstrategy.com\/fr\/\",\"logo\":{\"@type\":\"ImageObject\",\"inLanguage\":\"fr-FR\",\"@id\":\"https:\/\/elevatedigitalstrategy.com\/fr\/#\/schema\/logo\/image\/\",\"url\":\"https:\/\/elevatedigitalstrategy.com\/wp-content\/uploads\/2025\/01\/elevatedigital.png\",\"contentUrl\":\"https:\/\/elevatedigitalstrategy.com\/wp-content\/uploads\/2025\/01\/elevatedigital.png\",\"width\":1000,\"height\":457,\"caption\":\"Marketing Management Solutions in Montreal\"},\"image\":{\"@id\":\"https:\/\/elevatedigitalstrategy.com\/fr\/#\/schema\/logo\/image\/\"}}]}<\/script>\n<!-- \/ Yoast SEO plugin. -->","yoast_head_json":{"title":"FAQ marketing num\u00e9rique | Elevate Digital Strategy","description":"Questions fr\u00e9quentes sur le marketing num\u00e9rique. SEO, Google Ads, sites web et strat\u00e9gies digitales pour Montr\u00e9al, Qu\u00e9bec, Toronto et Ontario.","robots":{"index":"index","follow":"follow","max-snippet":"max-snippet:-1","max-image-preview":"max-image-preview:large","max-video-preview":"max-video-preview:-1"},"canonical":"https:\/\/elevatedigitalstrategy.com\/fr\/faq\/","og_locale":"fr_FR","og_type":"article","og_title":"FAQ marketing num\u00e9rique | Elevate Digital Strategy","og_description":"Questions fr\u00e9quentes sur le marketing num\u00e9rique. SEO, Google Ads, sites web et strat\u00e9gies digitales pour Montr\u00e9al, Qu\u00e9bec, Toronto et Ontario.","og_url":"https:\/\/elevatedigitalstrategy.com\/fr\/faq\/","og_site_name":"Elevate Digital Strategy","article_modified_time":"2025-03-19T18:36:29+00:00","og_image":[{"width":1200,"height":675,"url":"https:\/\/elevatedigitalstrategy.com\/wp-content\/uploads\/2025\/01\/elevatedigital.jpg","type":"image\/jpeg"}],"twitter_card":"summary_large_image","twitter_misc":{"Dur\u00e9e de lecture estim\u00e9e":"4 minutes"},"schema":{"@context":"https:\/\/schema.org","@graph":[{"@type":"WebPage","@id":"https:\/\/elevatedigitalstrategy.com\/fr\/faq\/","url":"https:\/\/elevatedigitalstrategy.com\/fr\/faq\/","name":"FAQ marketing num\u00e9rique | Elevate Digital Strategy","isPartOf":{"@id":"https:\/\/elevatedigitalstrategy.com\/fr\/#website"},"datePublished":"2024-10-30T20:48:49+00:00","dateModified":"2025-03-19T18:36:29+00:00","description":"Questions fr\u00e9quentes sur le marketing num\u00e9rique. SEO, Google Ads, sites web et strat\u00e9gies digitales pour Montr\u00e9al, Qu\u00e9bec, Toronto et Ontario.","breadcrumb":{"@id":"https:\/\/elevatedigitalstrategy.com\/fr\/faq\/#breadcrumb"},"inLanguage":"fr-FR","potentialAction":[{"@type":"ReadAction","target":["https:\/\/elevatedigitalstrategy.com\/fr\/faq\/"]}]},{"@type":"BreadcrumbList","@id":"https:\/\/elevatedigitalstrategy.com\/fr\/faq\/#breadcrumb","itemListElement":[{"@type":"ListItem","position":1,"name":"Home","item":"https:\/\/elevatedigitalstrategy.com\/fr\/"},{"@type":"ListItem","position":2,"name":"FAQ"}]},{"@type":"WebSite","@id":"https:\/\/elevatedigitalstrategy.com\/fr\/#website","url":"https:\/\/elevatedigitalstrategy.com\/fr\/","name":"Elevate Digital Strategy","description":"Marketing Management Solutions in Montreal","publisher":{"@id":"https:\/\/elevatedigitalstrategy.com\/fr\/#organization"},"potentialAction":[{"@type":"SearchAction","target":{"@type":"EntryPoint","urlTemplate":"https:\/\/elevatedigitalstrategy.com\/fr\/?s={search_term_string}"},"query-input":{"@type":"PropertyValueSpecification","valueRequired":true,"valueName":"search_term_string"}}],"inLanguage":"fr-FR"},{"@type":"Organization","@id":"https:\/\/elevatedigitalstrategy.com\/fr\/#organization","name":"Marketing Management Solutions in Montreal","url":"https:\/\/elevatedigitalstrategy.com\/fr\/","logo":{"@type":"ImageObject","inLanguage":"fr-FR","@id":"https:\/\/elevatedigitalstrategy.com\/fr\/#\/schema\/logo\/image\/","url":"https:\/\/elevatedigitalstrategy.com\/wp-content\/uploads\/2025\/01\/elevatedigital.png","contentUrl":"https:\/\/elevatedigitalstrategy.com\/wp-content\/uploads\/2025\/01\/elevatedigital.png","width":1000,"height":457,"caption":"Marketing Management Solutions in Montreal"},"image":{"@id":"https:\/\/elevatedigitalstrategy.com\/fr\/#\/schema\/logo\/image\/"}}]}},"_links":{"self":[{"href":"https:\/\/elevatedigitalstrategy.com\/fr\/wp-json\/wp\/v2\/pages\/2536","targetHints":{"allow":["GET"]}}],"collection":[{"href":"https:\/\/elevatedigitalstrategy.com\/fr\/wp-json\/wp\/v2\/pages"}],"about":[{"href":"https:\/\/elevatedigitalstrategy.com\/fr\/wp-json\/wp\/v2\/types\/page"}],"author":[{"embeddable":true,"href":"https:\/\/elevatedigitalstrategy.com\/fr\/wp-json\/wp\/v2\/users\/1"}],"replies":[{"embeddable":true,"href":"https:\/\/elevatedigitalstrategy.com\/fr\/wp-json\/wp\/v2\/comments?post=2536"}],"version-history":[{"count":2,"href":"https:\/\/elevatedigitalstrategy.com\/fr\/wp-json\/wp\/v2\/pages\/2536\/revisions"}],"predecessor-version":[{"id":2538,"href":"https:\/\/elevatedigitalstrategy.com\/fr\/wp-json\/wp\/v2\/pages\/2536\/revisions\/2538"}],"wp:attachment":[{"href":"https:\/\/elevatedigitalstrategy.com\/fr\/wp-json\/wp\/v2\/media?parent=2536"}],"curies":[{"name":"wp","href":"https:\/\/api.w.org\/{rel}","templated":true}]}}