{"id":2548,"date":"2024-11-21T13:18:07","date_gmt":"2024-11-21T13:18:07","guid":{"rendered":"https:\/\/elevatedigitalstrategy.com\/histoires-de-reussite\/boutique-en-ligne\/"},"modified":"2025-03-19T20:07:18","modified_gmt":"2025-03-19T20:07:18","slug":"boutique-en-ligne","status":"publish","type":"page","link":"https:\/\/elevatedigitalstrategy.com\/fr\/histoires-de-reussite\/boutique-en-ligne\/","title":{"rendered":"Boutique en ligne"},"content":{"rendered":"<section class=\"wpb-content-wrapper\"><p>[vc_row css_animation=\u00a0\u00bb\u00a0\u00bb row_type=\u00a0\u00bbrow\u00a0\u00bb use_row_as_full_screen_section=\u00a0\u00bbno\u00a0\u00bb type=\u00a0\u00bbfull_width\u00a0\u00bb angled_section=\u00a0\u00bbno\u00a0\u00bb text_align=\u00a0\u00bbleft\u00a0\u00bb background_image_as_pattern=\u00a0\u00bbwithout_pattern\u00a0\u00bb el_id=\u00a0\u00bbpage-title\u00a0\u00bb z_index=\u00a0\u00bb\u00a0\u00bb][vc_column][vc_column_text]<\/p>\n<h1 style=\"text-align: center;\">Histoires de r\u00e9ussite<\/h1>\n<p><\/p>\n<h2 style=\"text-align: center;\">Boutique en ligne<\/h2>\n<p><\/p>\n<p style=\"text-align: center;\">Nous avons aid\u00e9 des centaines d&rsquo;entreprises au Canada, aux \u00c9tats-Unis et dans les Cara\u00efbes \u00e0 obtenir des r\u00e9sultats remarquables en mati\u00e8re de ventes et de marketing num\u00e9riques. Ci-dessous, nous vous invitons \u00e0 d\u00e9couvrir quelques-uns de nos projets r\u00e9ussis qui ont permis une croissance incroyable des revenus et la r\u00e9alisation d&rsquo;objectifs.<\/p>\n<p>\n[\/vc_column_text][\/vc_column][\/vc_row][vc_row css_animation=\u00a0\u00bb\u00a0\u00bb row_type=\u00a0\u00bbrow\u00a0\u00bb use_row_as_full_screen_section=\u00a0\u00bbno\u00a0\u00bb type=\u00a0\u00bbfull_width\u00a0\u00bb angled_section=\u00a0\u00bbno\u00a0\u00bb text_align=\u00a0\u00bbleft\u00a0\u00bb background_image_as_pattern=\u00a0\u00bbwithout_pattern\u00a0\u00bb el_class=\u00a0\u00bbonline-store\u00a0\u00bb z_index=\u00a0\u00bb\u00a0\u00bb][vc_column][vc_column_text]<\/p>\n<h3 style=\"text-align: left;\">Boutique en ligne Mariderm<br \/>\n<em>Soins de la peau et produits anti-\u00e2ge<\/em><\/h3>\n<p>\n[\/vc_column_text][\/vc_column][vc_column width=\u00a0\u00bb1\/3&Prime;][vc_single_image image=\u00a0\u00bb2201&Prime; img_size=\u00a0\u00bbfull\u00a0\u00bb add_caption=\u00a0\u00bbyes\u00a0\u00bb qode_css_animation=\u00a0\u00bb\u00a0\u00bb][\/vc_column][vc_column width=\u00a0\u00bb1\/3&Prime;][vc_single_image image=\u00a0\u00bb2202&Prime; img_size=\u00a0\u00bbfull\u00a0\u00bb add_caption=\u00a0\u00bbyes\u00a0\u00bb qode_css_animation=\u00a0\u00bb\u00a0\u00bb][\/vc_column][vc_column width=\u00a0\u00bb1\/3&Prime;][vc_single_image image=\u00a0\u00bb2203&Prime; img_size=\u00a0\u00bbfull\u00a0\u00bb add_caption=\u00a0\u00bbyes\u00a0\u00bb qode_css_animation=\u00a0\u00bb\u00a0\u00bb][\/vc_column][\/vc_row][vc_row css_animation=\u00a0\u00bb\u00a0\u00bb row_type=\u00a0\u00bbrow\u00a0\u00bb use_row_as_full_screen_section=\u00a0\u00bbno\u00a0\u00bb type=\u00a0\u00bbfull_width\u00a0\u00bb angled_section=\u00a0\u00bbno\u00a0\u00bb text_align=\u00a0\u00bbleft\u00a0\u00bb background_image_as_pattern=\u00a0\u00bbwithout_pattern\u00a0\u00bb el_class=\u00a0\u00bbonline-store\u00a0\u00bb z_index=\u00a0\u00bb\u00a0\u00bb][vc_column][vc_column_text]<\/p>\n<h3 style=\"text-align: left;\">Manuela Boutique en ligne<br \/>\n<em>Cosm\u00e9tiques pour les cheveux, le visage et le corps<\/em><\/h3>\n<p>\n[\/vc_column_text][\/vc_column][vc_column width=\u00a0\u00bb1\/3&Prime;][vc_single_image image=\u00a0\u00bb2204&Prime; img_size=\u00a0\u00bbfull\u00a0\u00bb add_caption=\u00a0\u00bbyes\u00a0\u00bb qode_css_animation=\u00a0\u00bb\u00a0\u00bb][\/vc_column][vc_column width=\u00a0\u00bb1\/3&Prime;][vc_single_image image=\u00a0\u00bb2205&Prime; img_size=\u00a0\u00bbfull\u00a0\u00bb add_caption=\u00a0\u00bbyes\u00a0\u00bb qode_css_animation=\u00a0\u00bb\u00a0\u00bb][\/vc_column][vc_column width=\u00a0\u00bb1\/3&Prime;][vc_single_image image=\u00a0\u00bb2206&Prime; img_size=\u00a0\u00bbfull\u00a0\u00bb add_caption=\u00a0\u00bbyes\u00a0\u00bb qode_css_animation=\u00a0\u00bb\u00a0\u00bb][\/vc_column][\/vc_row][vc_row css_animation=\u00a0\u00bb\u00a0\u00bb row_type=\u00a0\u00bbrow\u00a0\u00bb use_row_as_full_screen_section=\u00a0\u00bbno\u00a0\u00bb type=\u00a0\u00bbfull_width\u00a0\u00bb angled_section=\u00a0\u00bbno\u00a0\u00bb text_align=\u00a0\u00bbleft\u00a0\u00bb background_image_as_pattern=\u00a0\u00bbwithout_pattern\u00a0\u00bb el_class=\u00a0\u00bbwait\u00a0\u00bb z_index=\u00a0\u00bb\u00a0\u00bb][vc_column][vc_column_text]<\/p>\n<h2 style=\"text-align: center;\">Pr\u00eat \u00e0 discuter de la mani\u00e8re dont vous pouvez obtenir des r\u00e9sultats similaires ?<\/h2>\n<p><\/p>\n<p style=\"text-align: center;\">Commencez par une discussion amicale avec l&rsquo;un de nos experts \u2192<\/p>\n<p>\n[\/vc_column_text]<div class=\"btn-wrap\" style=\"text-align:center\"><a href=\"\/fr\/consult\/\" class=\"button button--bestia \" target=\"_self\"><div class=\"button__bg\"><\/div><span>Planifier un appel<\/span><\/a><\/div>[\/vc_column][\/vc_row][vc_row css_animation=\u00a0\u00bb\u00a0\u00bb row_type=\u00a0\u00bbrow\u00a0\u00bb use_row_as_full_screen_section=\u00a0\u00bbno\u00a0\u00bb type=\u00a0\u00bbfull_width\u00a0\u00bb angled_section=\u00a0\u00bbno\u00a0\u00bb text_align=\u00a0\u00bbleft\u00a0\u00bb background_image_as_pattern=\u00a0\u00bbwithout_pattern\u00a0\u00bb el_class=\u00a0\u00bbglobal\u00a0\u00bb z_index=\u00a0\u00bb\u00a0\u00bb][vc_column][vc_row css_animation=\"\" row_type=\"row\" use_row_as_full_screen_section=\"no\" type=\"full_width\" angled_section=\"no\" text_align=\"left\" background_image_as_pattern=\"without_pattern\" el_id=\"call2action\" z_index=\"\"][vc_column width=\"1\/3\"][vc_raw_html]PHN2ZyBpZD0iY2FsbG1lIiB4bWxucz0iaHR0cDovL3d3dy53My5vcmcvMjAwMC9zdmciIHhtbG5zOnhsaW5rPSJodHRwOi8vd3d3LnczLm9yZy8xOTk5L3hsaW5rIiB2aWV3Qm94PSIwIDAgMjAxLjg3IDE5Ni42NyI+DQogIDxkZWZzPg0KICAgIDxzdHlsZT4NCiAgICAgIC5iZ2ctMSB7DQogICAgICAgIGZpbGw6IHVybCgjX2JnZ18xMS0yKTsNCiAgICAgIH0NCg0KICAgICAgLmJnZy0xLCAuYmdnLTIsIC5iZ2ctMywgLmJnZy00LCAuYmdnLTUsIC5iZ2ctNiB7DQogICAgICAgIHN0cm9rZS13aWR0aDogMHB4Ow0KICAgICAgfQ0KDQogICAgICAuYmdnLTIgew0KICAgICAgICBmaWxsOiB1cmwoI19iZ2dfMTEtMyk7DQogICAgICB9DQoNCiAgICAgIC5iZ2ctMyB7DQogICAgICAgIGZpbGw6IHVybCgjX2JnZ184KTsNCiAgICAgIH0NCg0KICAgICAgLmJnZy00IHsNCiAgICAgICAgZmlsbDogdXJsKCNfYmdnXzExKTsNCiAgICAgIH0NCg0KICAgICAgLmJnZy01IHsNCiAgICAgICAgZmlsbDogdXJsKCNfYmdnXzgtMyk7DQogICAgICB9DQoNCiAgICAgIC5iZ2ctNiB7DQogICAgICAgIGZpbGw6IHVybCgjX2JnZ184LTIpOw0KICAgICAgfQ0KICAgIDwvc3R5bGU+DQogICAgPGxpbmVhckdyYWRpZW50IGlkPSJfYmdnXzgiIGRhdGEtbmFtZT0i0JHQtdC30YvQvNGP0L3QvdGL0Lkg0LPRgNCw0LTQuNC10L3RgiA4IiB4MT0iNDAxLjEzIiB5MT0iNDI5Ljg5IiB4Mj0iNDczLjczIiB5Mj0iNDI5Ljg5IiBncmFkaWVudFRyYW5zZm9ybT0idHJhbnNsYXRlKDc3LjQ3IDc0OS42Nykgcm90YXRlKC00NC4zMykgc2NhbGUoLjk5IC0uOTkpIHNrZXdYKC0xLjMzKSIgZ3JhZGllbnRVbml0cz0idXNlclNwYWNlT25Vc2UiPg0KICAgICAgPHN0b3Agb2Zmc2V0PSIuMjQiIHN0b3AtY29sb3I9IiMzNTUyN2MiLz4NCiAgICAgIDxzdG9wIG9mZnNldD0iLjY3IiBzdG9wLWNvbG9yPSIjM2E0ODYwIi8+DQogICAgPC9saW5lYXJHcmFkaWVudD4NCiAgICA8bGluZWFyR3JhZGllbnQgaWQ9Il9iZ2dfMTEiIGRhdGEtbmFtZT0i0JHQtdC30YvQvNGP0L3QvdGL0Lkg0LPRgNCw0LTQuNC10L3RgiAxMSIgeDE9IjM3OC44MiIgeTE9IjQyNy40NSIgeDI9IjQ3Ni44NCIgeTI9IjQyNy40NSIgZ3JhZGllbnRUcmFuc2Zvcm09InRyYW5zbGF0ZSgxMTguOCA3MjQuMTIpIHJvdGF0ZSgtNDQuMzMpIHNjYWxlKC45OSAtLjk5KSBza2V3WCgtMS4zMykiIGdyYWRpZW50VW5pdHM9InVzZXJTcGFjZU9uVXNlIj4NCiAgICAgIDxzdG9wIG9mZnNldD0iLjQ0IiBzdG9wLWNvbG9yPSIjNTI1NDdhIi8+DQogICAgICA8c3RvcCBvZmZzZXQ9Ii42OSIgc3RvcC1jb2xvcj0iIzQxM2Y1OCIvPg0KICAgIDwvbGluZWFyR3JhZGllbnQ+DQogICAgPGxpbmVhckdyYWRpZW50IGlkPSJfYmdnXzExLTIiIGRhdGEtbmFtZT0i0JHQtdC30YvQvNGP0L3QvdGL0Lkg0LPRgNCw0LTQuNC10L3RgiAxMSIgeDE9IjMyMS41IiB5MT0iNDM2LjIyIiB4Mj0iNDQyLjI2IiB5Mj0iNDM2LjIyIiBncmFkaWVudFRyYW5zZm9ybT0idHJhbnNsYXRlKDE5My43NiA2ODIuMzQpIHJvdGF0ZSgtNDQuMzMpIHNjYWxlKC45OSAtLjk5KSBza2V3WCgtMS4zMykiIHhsaW5rOmhyZWY9IiNfYmdnXzExIi8+DQogICAgPGxpbmVhckdyYWRpZW50IGlkPSJfYmdnXzExLTMiIGRhdGEtbmFtZT0i0JHQtdC30YvQvNGP0L3QvdGL0Lkg0LPRgNCw0LTQuNC10L3RgiAxMSIgeDE9IjI5NS4yNSIgeTE9IjM5Ni42NyIgeDI9IjQ0Mi42MSIgeTI9IjM5Ni42NyIgZ3JhZGllbnRUcmFuc2Zvcm09InRyYW5zbGF0ZSgyMTEuMjIgNjI3LjI3KSByb3RhdGUoLTQ0LjMzKSBzY2FsZSguOTkgLS45OSkgc2tld1goLTEuMzMpIiB4bGluazpocmVmPSIjX2JnZ18xMSIvPg0KICAgIDxsaW5lYXJHcmFkaWVudCBpZD0iX2JnZ184LTIiIGRhdGEtbmFtZT0i0JHQtdC30YvQvNGP0L3QvdGL0Lkg0LPRgNCw0LTQuNC10L3RgiA4IiB4MT0iMzMzLjczIiB5MT0iMTYwLjI1IiB4Mj0iMzU0Ljc1IiB5Mj0iMTYwLjI1IiBncmFkaWVudFRyYW5zZm9ybT0idHJhbnNsYXRlKC0yODkuOCAzMjAuNTEpIHNjYWxlKC45OCAtMSkiIHhsaW5rOmhyZWY9IiNfYmdnXzgiLz4NCiAgICA8bGluZWFyR3JhZGllbnQgaWQ9Il9iZ2dfOC0zIiBkYXRhLW5hbWU9ItCR0LXQt9GL0LzRj9C90L3Ri9C5INCz0YDQsNC00LjQtdC90YIgOCIgeDE9IjM3MC44NSIgeTE9IjE3MC4xNiIgeDI9IjM5MS44NiIgeTI9IjE3MC4xNiIgZ3JhZGllbnRUcmFuc2Zvcm09InRyYW5zbGF0ZSgtMzYyLjM0IDM0MC4zMSkgc2NhbGUoLjk4IC0xKSIgeGxpbms6aHJlZj0iI19iZ2dfOCIvPg0KICA8L2RlZnM+DQogIDxyZWN0IGNsYXNzPSJiZ2ctNSIgeD0iMCIgeT0iMTQ1LjMiIHdpZHRoPSIyMC41MyIgaGVpZ2h0PSI0OS43IiByeD0iNy40OCIgcnk9IjcuNDgiIHRyYW5zZm9ybT0idHJhbnNsYXRlKDIwLjUzIDM0MC4zMSkgcm90YXRlKC0xODApIi8+DQogIDxyZWN0IGNsYXNzPSJiZ2ctNiIgeD0iMzYuMjciIHk9IjEyNS41IiB3aWR0aD0iMjAuNTMiIGhlaWdodD0iNjkuNTEiIHJ4PSI3LjQ4IiByeT0iNy40OCIgdHJhbnNmb3JtPSJ0cmFuc2xhdGUoOTMuMDYgMzIwLjUxKSByb3RhdGUoLTE4MCkiLz4NCiAgPHJlY3QgY2xhc3M9ImJnZy0zIiB4PSIzNy4zNCIgeT0iMTQwLjE5IiB3aWR0aD0iOTAuOTMiIGhlaWdodD0iMjAuNTMiIHJ4PSI3LjgiIHJ5PSI3LjgiIHRyYW5zZm9ybT0idHJhbnNsYXRlKC02Ny42NiAyMzMuMjYpIHJvdGF0ZSgtOTApIi8+DQogIDxyZWN0IGNsYXNzPSJiZ2ctNCIgeD0iNTUuNjMiIHk9IjEyMi45NyIgd2lkdGg9IjEyNi44OCIgaGVpZ2h0PSIyMC41MyIgcng9IjcuOCIgcnk9IjcuOCIgdHJhbnNmb3JtPSJ0cmFuc2xhdGUoLTE0LjE2IDI1Mi4zKSByb3RhdGUoLTkwKSIvPg0KICA8cmVjdCBjbGFzcz0iYmdnLTEiIHg9Ijc1LjgxIiB5PSIxMDYuODgiIHdpZHRoPSIxNTkuMDUiIGhlaWdodD0iMjAuNTMiIHJ4PSI3LjgiIHJ5PSI3LjgiIHRyYW5zZm9ybT0idHJhbnNsYXRlKDM4LjE5IDI3Mi40OCkgcm90YXRlKC05MCkiLz4NCiAgPHJlY3QgY2xhc3M9ImJnZy0yIiB4PSI5My4yNyIgeT0iODguMDciIHdpZHRoPSIxOTYuNjciIGhlaWdodD0iMjAuNTMiIHJ4PSI3LjgiIHJ5PSI3LjgiIHRyYW5zZm9ybT0idHJhbnNsYXRlKDkzLjI3IDI4OS45NCkgcm90YXRlKC05MCkiLz4NCjwvc3ZnPg==[\/vc_raw_html][\/vc_column][vc_column width=\"2\/3\"][vc_column_text]\r\n<h2>D\u00e9veloppez votre marque et augmentez votre chiffre d'affaires d\u00e8s aujourd'hui !<\/h2><br>Parlez \u00e0 nos experts exp\u00e9riment\u00e9s et faites passer votre entreprise \u00e0 la vitesse sup\u00e9rieure.<br><br>Nous affinerons votre strat\u00e9gie commerciale et optimiserons vos efforts de marketing en ligne afin de garantir un retour sur investissement maximal de vos campagnes PPC, SEO et SMM.<br><br>\r\n\r\n[\/vc_column_text]<div class=\"btn-wrap\" style=\"text-align:left\"><a href=\"\/fr\/consult\/\" class=\"button button--bestia \" target=\"_blank\"><div class=\"button__bg\"><\/div><span>PARLER \u00c0 NOS EXPERTS<\/span><\/a><\/div>[\/vc_column][\/vc_row][\/vc_column][\/vc_row]<\/p>\n<\/section>","protected":false},"excerpt":{"rendered":"<p>[vc_row css_animation=\u00a0\u00bb\u00a0\u00bb row_type=\u00a0\u00bbrow\u00a0\u00bb use_row_as_full_screen_section=\u00a0\u00bbno\u00a0\u00bb type=\u00a0\u00bbfull_width\u00a0\u00bb angled_section=\u00a0\u00bbno\u00a0\u00bb text_align=\u00a0\u00bbleft\u00a0\u00bb background_image_as_pattern=\u00a0\u00bbwithout_pattern\u00a0\u00bb el_id=\u00a0\u00bbpage-title\u00a0\u00bb z_index=\u00a0\u00bb\u00a0\u00bb][vc_column][vc_column_text] Histoires de r\u00e9ussite Boutique en ligne Nous avons aid\u00e9 des centaines d&rsquo;entreprises au Canada, aux \u00c9tats-Unis et dans les Cara\u00efbes \u00e0 obtenir des r\u00e9sultats remarquables en mati\u00e8re de ventes et de marketing num\u00e9riques. Ci-dessous, nous&#8230;<\/p>\n","protected":false},"author":1,"featured_media":0,"parent":2539,"menu_order":0,"comment_status":"closed","ping_status":"closed","template":"full_width.php","meta":{"inline_featured_image":false,"footnotes":""},"class_list":["post-2548","page","type-page","status-publish","hentry"],"acf":[],"yoast_head":"<!-- This site is optimized with the Yoast SEO plugin v24.2 - https:\/\/yoast.com\/wordpress\/plugins\/seo\/ -->\n<title>\u00c9tudes de cas eCommerce | Boutiques en ligne<\/title>\n<meta name=\"description\" content=\"\u00c9tudes de cas de boutiques en ligne et eCommerce \u00e0 Montr\u00e9al et Toronto. D\u00e9veloppement, SEO et marketing num\u00e9rique.\" \/>\n<meta name=\"robots\" content=\"index, follow, max-snippet:-1, max-image-preview:large, max-video-preview:-1\" \/>\n<link rel=\"canonical\" href=\"https:\/\/elevatedigitalstrategy.com\/fr\/histoires-de-reussite\/boutique-en-ligne\/\" \/>\n<meta property=\"og:locale\" content=\"fr_FR\" \/>\n<meta property=\"og:type\" content=\"article\" \/>\n<meta property=\"og:title\" content=\"\u00c9tudes de cas eCommerce | Boutiques en ligne\" \/>\n<meta property=\"og:description\" content=\"\u00c9tudes de cas de boutiques en ligne et eCommerce \u00e0 Montr\u00e9al et Toronto. D\u00e9veloppement, SEO et marketing num\u00e9rique.\" \/>\n<meta property=\"og:url\" content=\"https:\/\/elevatedigitalstrategy.com\/fr\/histoires-de-reussite\/boutique-en-ligne\/\" \/>\n<meta property=\"og:site_name\" content=\"Elevate Digital Strategy\" \/>\n<meta property=\"article:modified_time\" content=\"2025-03-19T20:07:18+00:00\" \/>\n<meta property=\"og:image\" content=\"https:\/\/elevatedigitalstrategy.com\/wp-content\/uploads\/2025\/01\/elevatedigital.jpg\" \/>\n\t<meta property=\"og:image:width\" content=\"1200\" \/>\n\t<meta property=\"og:image:height\" content=\"675\" \/>\n\t<meta property=\"og:image:type\" content=\"image\/jpeg\" \/>\n<meta name=\"twitter:card\" content=\"summary_large_image\" \/>\n<meta name=\"twitter:label1\" content=\"Dur\u00e9e de lecture estim\u00e9e\" \/>\n\t<meta name=\"twitter:data1\" content=\"2 minutes\" \/>\n<script type=\"application\/ld+json\" class=\"yoast-schema-graph\">{\"@context\":\"https:\/\/schema.org\",\"@graph\":[{\"@type\":\"WebPage\",\"@id\":\"https:\/\/elevatedigitalstrategy.com\/fr\/histoires-de-reussite\/boutique-en-ligne\/\",\"url\":\"https:\/\/elevatedigitalstrategy.com\/fr\/histoires-de-reussite\/boutique-en-ligne\/\",\"name\":\"\u00c9tudes de cas eCommerce | Boutiques en ligne\",\"isPartOf\":{\"@id\":\"https:\/\/elevatedigitalstrategy.com\/fr\/#website\"},\"datePublished\":\"2024-11-21T13:18:07+00:00\",\"dateModified\":\"2025-03-19T20:07:18+00:00\",\"description\":\"\u00c9tudes de cas de boutiques en ligne et eCommerce \u00e0 Montr\u00e9al et Toronto. D\u00e9veloppement, SEO et marketing num\u00e9rique.\",\"breadcrumb\":{\"@id\":\"https:\/\/elevatedigitalstrategy.com\/fr\/histoires-de-reussite\/boutique-en-ligne\/#breadcrumb\"},\"inLanguage\":\"fr-FR\",\"potentialAction\":[{\"@type\":\"ReadAction\",\"target\":[\"https:\/\/elevatedigitalstrategy.com\/fr\/histoires-de-reussite\/boutique-en-ligne\/\"]}]},{\"@type\":\"BreadcrumbList\",\"@id\":\"https:\/\/elevatedigitalstrategy.com\/fr\/histoires-de-reussite\/boutique-en-ligne\/#breadcrumb\",\"itemListElement\":[{\"@type\":\"ListItem\",\"position\":1,\"name\":\"Home\",\"item\":\"https:\/\/elevatedigitalstrategy.com\/fr\/\"},{\"@type\":\"ListItem\",\"position\":2,\"name\":\"Histoires de r\u00e9ussite\",\"item\":\"https:\/\/elevatedigitalstrategy.com\/fr\/success-stories\/\"},{\"@type\":\"ListItem\",\"position\":3,\"name\":\"Boutique en ligne\"}]},{\"@type\":\"WebSite\",\"@id\":\"https:\/\/elevatedigitalstrategy.com\/fr\/#website\",\"url\":\"https:\/\/elevatedigitalstrategy.com\/fr\/\",\"name\":\"Elevate Digital Strategy\",\"description\":\"Marketing Management Solutions in Montreal\",\"publisher\":{\"@id\":\"https:\/\/elevatedigitalstrategy.com\/fr\/#organization\"},\"potentialAction\":[{\"@type\":\"SearchAction\",\"target\":{\"@type\":\"EntryPoint\",\"urlTemplate\":\"https:\/\/elevatedigitalstrategy.com\/fr\/?s={search_term_string}\"},\"query-input\":{\"@type\":\"PropertyValueSpecification\",\"valueRequired\":true,\"valueName\":\"search_term_string\"}}],\"inLanguage\":\"fr-FR\"},{\"@type\":\"Organization\",\"@id\":\"https:\/\/elevatedigitalstrategy.com\/fr\/#organization\",\"name\":\"Marketing Management Solutions in Montreal\",\"url\":\"https:\/\/elevatedigitalstrategy.com\/fr\/\",\"logo\":{\"@type\":\"ImageObject\",\"inLanguage\":\"fr-FR\",\"@id\":\"https:\/\/elevatedigitalstrategy.com\/fr\/#\/schema\/logo\/image\/\",\"url\":\"https:\/\/elevatedigitalstrategy.com\/wp-content\/uploads\/2025\/01\/elevatedigital.png\",\"contentUrl\":\"https:\/\/elevatedigitalstrategy.com\/wp-content\/uploads\/2025\/01\/elevatedigital.png\",\"width\":1000,\"height\":457,\"caption\":\"Marketing Management Solutions in Montreal\"},\"image\":{\"@id\":\"https:\/\/elevatedigitalstrategy.com\/fr\/#\/schema\/logo\/image\/\"}}]}<\/script>\n<!-- \/ Yoast SEO plugin. -->","yoast_head_json":{"title":"\u00c9tudes de cas eCommerce | Boutiques en ligne","description":"\u00c9tudes de cas de boutiques en ligne et eCommerce \u00e0 Montr\u00e9al et Toronto. D\u00e9veloppement, SEO et marketing num\u00e9rique.","robots":{"index":"index","follow":"follow","max-snippet":"max-snippet:-1","max-image-preview":"max-image-preview:large","max-video-preview":"max-video-preview:-1"},"canonical":"https:\/\/elevatedigitalstrategy.com\/fr\/histoires-de-reussite\/boutique-en-ligne\/","og_locale":"fr_FR","og_type":"article","og_title":"\u00c9tudes de cas eCommerce | Boutiques en ligne","og_description":"\u00c9tudes de cas de boutiques en ligne et eCommerce \u00e0 Montr\u00e9al et Toronto. D\u00e9veloppement, SEO et marketing num\u00e9rique.","og_url":"https:\/\/elevatedigitalstrategy.com\/fr\/histoires-de-reussite\/boutique-en-ligne\/","og_site_name":"Elevate Digital Strategy","article_modified_time":"2025-03-19T20:07:18+00:00","og_image":[{"width":1200,"height":675,"url":"https:\/\/elevatedigitalstrategy.com\/wp-content\/uploads\/2025\/01\/elevatedigital.jpg","type":"image\/jpeg"}],"twitter_card":"summary_large_image","twitter_misc":{"Dur\u00e9e de lecture estim\u00e9e":"2 minutes"},"schema":{"@context":"https:\/\/schema.org","@graph":[{"@type":"WebPage","@id":"https:\/\/elevatedigitalstrategy.com\/fr\/histoires-de-reussite\/boutique-en-ligne\/","url":"https:\/\/elevatedigitalstrategy.com\/fr\/histoires-de-reussite\/boutique-en-ligne\/","name":"\u00c9tudes de cas eCommerce | Boutiques en ligne","isPartOf":{"@id":"https:\/\/elevatedigitalstrategy.com\/fr\/#website"},"datePublished":"2024-11-21T13:18:07+00:00","dateModified":"2025-03-19T20:07:18+00:00","description":"\u00c9tudes de cas de boutiques en ligne et eCommerce \u00e0 Montr\u00e9al et Toronto. D\u00e9veloppement, SEO et marketing num\u00e9rique.","breadcrumb":{"@id":"https:\/\/elevatedigitalstrategy.com\/fr\/histoires-de-reussite\/boutique-en-ligne\/#breadcrumb"},"inLanguage":"fr-FR","potentialAction":[{"@type":"ReadAction","target":["https:\/\/elevatedigitalstrategy.com\/fr\/histoires-de-reussite\/boutique-en-ligne\/"]}]},{"@type":"BreadcrumbList","@id":"https:\/\/elevatedigitalstrategy.com\/fr\/histoires-de-reussite\/boutique-en-ligne\/#breadcrumb","itemListElement":[{"@type":"ListItem","position":1,"name":"Home","item":"https:\/\/elevatedigitalstrategy.com\/fr\/"},{"@type":"ListItem","position":2,"name":"Histoires de r\u00e9ussite","item":"https:\/\/elevatedigitalstrategy.com\/fr\/success-stories\/"},{"@type":"ListItem","position":3,"name":"Boutique en ligne"}]},{"@type":"WebSite","@id":"https:\/\/elevatedigitalstrategy.com\/fr\/#website","url":"https:\/\/elevatedigitalstrategy.com\/fr\/","name":"Elevate Digital Strategy","description":"Marketing Management Solutions in Montreal","publisher":{"@id":"https:\/\/elevatedigitalstrategy.com\/fr\/#organization"},"potentialAction":[{"@type":"SearchAction","target":{"@type":"EntryPoint","urlTemplate":"https:\/\/elevatedigitalstrategy.com\/fr\/?s={search_term_string}"},"query-input":{"@type":"PropertyValueSpecification","valueRequired":true,"valueName":"search_term_string"}}],"inLanguage":"fr-FR"},{"@type":"Organization","@id":"https:\/\/elevatedigitalstrategy.com\/fr\/#organization","name":"Marketing Management Solutions in Montreal","url":"https:\/\/elevatedigitalstrategy.com\/fr\/","logo":{"@type":"ImageObject","inLanguage":"fr-FR","@id":"https:\/\/elevatedigitalstrategy.com\/fr\/#\/schema\/logo\/image\/","url":"https:\/\/elevatedigitalstrategy.com\/wp-content\/uploads\/2025\/01\/elevatedigital.png","contentUrl":"https:\/\/elevatedigitalstrategy.com\/wp-content\/uploads\/2025\/01\/elevatedigital.png","width":1000,"height":457,"caption":"Marketing Management Solutions in Montreal"},"image":{"@id":"https:\/\/elevatedigitalstrategy.com\/fr\/#\/schema\/logo\/image\/"}}]}},"_links":{"self":[{"href":"https:\/\/elevatedigitalstrategy.com\/fr\/wp-json\/wp\/v2\/pages\/2548","targetHints":{"allow":["GET"]}}],"collection":[{"href":"https:\/\/elevatedigitalstrategy.com\/fr\/wp-json\/wp\/v2\/pages"}],"about":[{"href":"https:\/\/elevatedigitalstrategy.com\/fr\/wp-json\/wp\/v2\/types\/page"}],"author":[{"embeddable":true,"href":"https:\/\/elevatedigitalstrategy.com\/fr\/wp-json\/wp\/v2\/users\/1"}],"replies":[{"embeddable":true,"href":"https:\/\/elevatedigitalstrategy.com\/fr\/wp-json\/wp\/v2\/comments?post=2548"}],"version-history":[{"count":3,"href":"https:\/\/elevatedigitalstrategy.com\/fr\/wp-json\/wp\/v2\/pages\/2548\/revisions"}],"predecessor-version":[{"id":2551,"href":"https:\/\/elevatedigitalstrategy.com\/fr\/wp-json\/wp\/v2\/pages\/2548\/revisions\/2551"}],"up":[{"embeddable":true,"href":"https:\/\/elevatedigitalstrategy.com\/fr\/wp-json\/wp\/v2\/pages\/2539"}],"wp:attachment":[{"href":"https:\/\/elevatedigitalstrategy.com\/fr\/wp-json\/wp\/v2\/media?parent=2548"}],"curies":[{"name":"wp","href":"https:\/\/api.w.org\/{rel}","templated":true}]}}