{"id":2567,"date":"2024-10-15T18:40:58","date_gmt":"2024-10-15T18:40:58","guid":{"rendered":"https:\/\/elevatedigitalstrategy.com\/consultation\/"},"modified":"2025-03-20T16:18:10","modified_gmt":"2025-03-20T16:18:10","slug":"consult","status":"publish","type":"page","link":"https:\/\/elevatedigitalstrategy.com\/fr\/consult\/","title":{"rendered":"Consultation"},"content":{"rendered":"<section class=\"wpb-content-wrapper\"><p>[vc_row css_animation=\u00a0\u00bb\u00a0\u00bb row_type=\u00a0\u00bbrow\u00a0\u00bb use_row_as_full_screen_section=\u00a0\u00bbno\u00a0\u00bb type=\u00a0\u00bbfull_width\u00a0\u00bb angled_section=\u00a0\u00bbno\u00a0\u00bb text_align=\u00a0\u00bbleft\u00a0\u00bb background_image_as_pattern=\u00a0\u00bbwithout_pattern\u00a0\u00bb el_id=\u00a0\u00bbconsult\u00a0\u00bb z_index=\u00a0\u00bb\u00a0\u00bb][vc_column][vc_column_text]<\/p>\n<h1 style=\"text-align: center;\">Contactez-nous<\/h1>\n<h2 style=\"text-align: center;\">Bonjour, nous sommes impatients d\u2019en savoir plus sur les d\u00e9fis et objectifs de votre marque.<\/h2>\n<h2 style=\"text-align: center;\">Faisons passer votre marketing digital au niveau sup\u00e9rieur !<\/h2>\n<p>Vous recevrez :<\/p>\n<ul class=\"checkmarks\">\n<li>Un appel t\u00e9l\u00e9phonique avec l\u2019un de nos experts<\/li>\n<li>Une analyse de votre entreprise<\/li>\n<li>Une \u00e9valuation de votre pr\u00e9sence en ligne<\/li>\n<li>Une analyse de votre concurrence<\/li>\n<li>Une \u00e9tude de vos besoins marketing<\/li>\n<\/ul>\n<h3>Contactez-nous d\u00e8s maintenant pour une consultation strat\u00e9gique en ligne gratuite.<br \/>\nNous r\u00e9pondons rapidement !<\/h3>\n<p>[\/vc_column_text][vc_raw_js]JTNDc2NyaXB0JTIwc3JjJTNEJTIyJTBBaHR0cHMlM0ElMkYlMkZjZG4uanNkZWxpdnIubmV0JTJGbnBtJTJGanF1ZXJ5LW1hc2stcGx1Z2luJTQwMS4xNC4xNiUyRmRpc3QlMkZqcXVlcnkubWFzay5taW4uanMlMEElMjIlM0UlM0MlMkZzY3JpcHQlM0U=[\/vc_raw_js]\n<div class=\"wpcf7 no-js\" id=\"wpcf7-f2570-o1\" lang=\"fr-FR\" dir=\"ltr\">\n<div class=\"screen-reader-response\"><p role=\"status\" aria-live=\"polite\" aria-atomic=\"true\"><\/p> <ul><\/ul><\/div>\n<form action=\"\/fr\/wp-json\/wp\/v2\/pages\/2567#wpcf7-f2570-o1\" method=\"post\" class=\"wpcf7-form init default\" aria-label=\"Formulaire de contact\" novalidate=\"novalidate\" data-status=\"init\">\n<div style=\"display: none;\">\n<input type=\"hidden\" name=\"_wpcf7\" value=\"2570\" \/>\n<input type=\"hidden\" name=\"_wpcf7_version\" value=\"5.9.3\" \/>\n<input type=\"hidden\" name=\"_wpcf7_locale\" value=\"fr_FR\" \/>\n<input type=\"hidden\" name=\"_wpcf7_unit_tag\" value=\"wpcf7-f2570-o1\" \/>\n<input type=\"hidden\" name=\"_wpcf7_container_post\" value=\"0\" \/>\n<input type=\"hidden\" name=\"_wpcf7_posted_data_hash\" value=\"\" \/>\n<input type=\"hidden\" name=\"_wpcf7cf_hidden_group_fields\" value=\"[]\" \/>\n<input type=\"hidden\" name=\"_wpcf7cf_hidden_groups\" value=\"[]\" \/>\n<input type=\"hidden\" name=\"_wpcf7cf_visible_groups\" value=\"[]\" \/>\n<input type=\"hidden\" name=\"_wpcf7cf_repeaters\" value=\"[]\" \/>\n<input type=\"hidden\" name=\"_wpcf7cf_steps\" value=\"{}\" \/>\n<input type=\"hidden\" name=\"_wpcf7cf_options\" value=\"{&quot;form_id&quot;:2570,&quot;conditions&quot;:[],&quot;settings&quot;:{&quot;animation&quot;:&quot;yes&quot;,&quot;animation_intime&quot;:200,&quot;animation_outtime&quot;:200,&quot;conditions_ui&quot;:&quot;normal&quot;,&quot;notice_dismissed&quot;:false}}\" \/>\n<input type=\"hidden\" name=\"_wpcf7_recaptcha_response\" value=\"\" \/>\n<\/div>\n<div class=\"consult-form\">\n<label>Nom de votre entreprise\n<span class=\"wpcf7-form-control-wrap\" data-name=\"text-business\"><input size=\"40\" class=\"wpcf7-form-control wpcf7-text wpcf7-validates-as-required\" aria-required=\"true\" aria-invalid=\"false\" placeholder=\"Entreprise\" value=\"\" type=\"text\" name=\"text-business\" \/><\/span>\n<\/label>\n<label>Votre nom\n<span class=\"wpcf7-form-control-wrap\" data-name=\"text-name\"><input size=\"40\" class=\"wpcf7-form-control wpcf7-text wpcf7-validates-as-required\" aria-required=\"true\" aria-invalid=\"false\" placeholder=\"Nom\" value=\"\" type=\"text\" name=\"text-name\" \/><\/span>\n<\/label>\n<label>Votre poste\n    <span class=\"wpcf7-form-control-wrap\" data-name=\"text-title\"><input size=\"40\" class=\"wpcf7-form-control wpcf7-text wpcf7-validates-as-required\" aria-required=\"true\" aria-invalid=\"false\" placeholder=\"Poste\" value=\"\" type=\"text\" name=\"text-title\" \/><\/span>\n<\/label>\n<label>Votre num\u00e9ro de t\u00e9l\u00e9phone\n    <span class=\"wpcf7-form-control-wrap\" data-name=\"tel-188\"><input size=\"40\" class=\"wpcf7-form-control wpcf7-tel wpcf7-validates-as-required wpcf7-text wpcf7-validates-as-tel\" id=\"phonenum\" aria-required=\"true\" aria-invalid=\"false\" placeholder=\"XXX-XXX-XXXX\" value=\"\" type=\"tel\" name=\"tel-188\" \/><\/span>\n<\/label>\n<label>Votre adresse e-mail\n    <span class=\"wpcf7-form-control-wrap\" data-name=\"email-688\"><input size=\"40\" class=\"wpcf7-form-control wpcf7-email wpcf7-validates-as-required wpcf7-text wpcf7-validates-as-email\" aria-required=\"true\" aria-invalid=\"false\" placeholder=\"Email\" value=\"\" type=\"email\" name=\"email-688\" \/><\/span>\n<\/label>\n<label>Site Web\n    <span class=\"wpcf7-form-control-wrap\" data-name=\"url-831\"><input size=\"40\" class=\"wpcf7-form-control wpcf7-url wpcf7-text wpcf7-validates-as-url\" aria-invalid=\"false\" placeholder=\"Si vous n\u2019en avez pas, laissez ce champ vide\" value=\"\" type=\"url\" name=\"url-831\" \/><\/span>\n<\/label>\n<label>Partagez vos projets avec nous !\n    <span class=\"wpcf7-form-control-wrap\" data-name=\"textarea-289\"><textarea cols=\"40\" rows=\"10\" class=\"wpcf7-form-control wpcf7-textarea wpcf7-validates-as-required\" aria-required=\"true\" aria-invalid=\"false\" placeholder=\"Commentaire ici\" name=\"textarea-289\"><\/textarea><\/span>\n<\/label>\n<label><input class=\"wpcf7-form-control wpcf7-submit has-spinner\" type=\"submit\" value=\"Envoyer\" \/><\/label><\/div><p style=\"display: none !important;\" class=\"akismet-fields-container\" data-prefix=\"_wpcf7_ak_\"><label>&#916;<textarea name=\"_wpcf7_ak_hp_textarea\" cols=\"45\" rows=\"8\" maxlength=\"100\"><\/textarea><\/label><input type=\"hidden\" id=\"ak_js_1\" name=\"_wpcf7_ak_js\" value=\"74\"\/><script>document.getElementById( \"ak_js_1\" ).setAttribute( \"value\", ( new Date() ).getTime() );<\/script><\/p><div class=\"wpcf7-response-output\" aria-hidden=\"true\"><\/div>\n<\/form>\n<\/div>\n[vc_raw_js]JTNDc2NyaXB0JTNFJTBBalF1ZXJ5JTI4ZG9jdW1lbnQlMjkucmVhZHklMjhmdW5jdGlvbiUyOCUyOSU3QiUwQSUwOWpRdWVyeSUyOCUyNyUyM3Bob25lbnVtJTI3JTI5Lm1hc2slMjglMjcwMDAtMDAwLTAwMDAlMjclMjklM0IlMEElN0QlMjklM0IlMEElM0MlMkZzY3JpcHQlM0U=[\/vc_raw_js][\/vc_column][\/vc_row]<\/p>\n<\/section>","protected":false},"excerpt":{"rendered":"<p>[vc_row css_animation=\u00a0\u00bb\u00a0\u00bb row_type=\u00a0\u00bbrow\u00a0\u00bb use_row_as_full_screen_section=\u00a0\u00bbno\u00a0\u00bb type=\u00a0\u00bbfull_width\u00a0\u00bb angled_section=\u00a0\u00bbno\u00a0\u00bb text_align=\u00a0\u00bbleft\u00a0\u00bb background_image_as_pattern=\u00a0\u00bbwithout_pattern\u00a0\u00bb el_id=\u00a0\u00bbconsult\u00a0\u00bb z_index=\u00a0\u00bb\u00a0\u00bb][vc_column][vc_column_text] Contactez-nous Bonjour, nous sommes impatients d\u2019en savoir plus sur les d\u00e9fis et objectifs de votre marque. Faisons passer votre marketing digital au niveau sup\u00e9rieur ! Vous recevrez : Un appel t\u00e9l\u00e9phonique avec l\u2019un de nos&#8230;<\/p>\n","protected":false},"author":1,"featured_media":0,"parent":0,"menu_order":0,"comment_status":"closed","ping_status":"closed","template":"full_width.php","meta":{"inline_featured_image":false,"footnotes":""},"class_list":["post-2567","page","type-page","status-publish","hentry"],"acf":[],"yoast_head":"<!-- This site is optimized with the Yoast SEO plugin v24.2 - https:\/\/yoast.com\/wordpress\/plugins\/seo\/ -->\n<title>Consultation en marketing num\u00e9rique \u00e0 Montr\u00e9al et Toronto<\/title>\n<meta name=\"description\" content=\"R\u00e9servez une consultation en marketing num\u00e9rique avec Elevate Digital Strategy. Strat\u00e9gies SEO, Google Ads et croissance digitale pour Montr\u00e9al, Toronto, Qu\u00e9bec et Ontario.\" \/>\n<meta name=\"robots\" content=\"index, follow, max-snippet:-1, max-image-preview:large, max-video-preview:-1\" \/>\n<link rel=\"canonical\" href=\"https:\/\/elevatedigitalstrategy.com\/fr\/consult\/\" \/>\n<meta property=\"og:locale\" content=\"fr_FR\" \/>\n<meta property=\"og:type\" content=\"article\" \/>\n<meta property=\"og:title\" content=\"Consultation en marketing num\u00e9rique \u00e0 Montr\u00e9al et Toronto\" \/>\n<meta property=\"og:description\" content=\"R\u00e9servez une consultation en marketing num\u00e9rique avec Elevate Digital Strategy. Strat\u00e9gies SEO, Google Ads et croissance digitale pour Montr\u00e9al, Toronto, Qu\u00e9bec et Ontario.\" \/>\n<meta property=\"og:url\" content=\"https:\/\/elevatedigitalstrategy.com\/fr\/consult\/\" \/>\n<meta property=\"og:site_name\" content=\"Elevate Digital Strategy\" \/>\n<meta property=\"article:modified_time\" content=\"2025-03-20T16:18:10+00:00\" \/>\n<meta property=\"og:image\" content=\"https:\/\/elevatedigitalstrategy.com\/wp-content\/uploads\/2025\/01\/elevatedigital.jpg\" \/>\n\t<meta property=\"og:image:width\" content=\"1200\" \/>\n\t<meta property=\"og:image:height\" content=\"675\" \/>\n\t<meta property=\"og:image:type\" content=\"image\/jpeg\" \/>\n<meta name=\"twitter:card\" content=\"summary_large_image\" \/>\n<meta name=\"twitter:label1\" content=\"Dur\u00e9e de lecture estim\u00e9e\" \/>\n\t<meta name=\"twitter:data1\" content=\"1 minute\" \/>\n<script type=\"application\/ld+json\" class=\"yoast-schema-graph\">{\"@context\":\"https:\/\/schema.org\",\"@graph\":[{\"@type\":\"WebPage\",\"@id\":\"https:\/\/elevatedigitalstrategy.com\/fr\/consult\/\",\"url\":\"https:\/\/elevatedigitalstrategy.com\/fr\/consult\/\",\"name\":\"Consultation en marketing num\u00e9rique \u00e0 Montr\u00e9al et Toronto\",\"isPartOf\":{\"@id\":\"https:\/\/elevatedigitalstrategy.com\/fr\/#website\"},\"datePublished\":\"2024-10-15T18:40:58+00:00\",\"dateModified\":\"2025-03-20T16:18:10+00:00\",\"description\":\"R\u00e9servez une consultation en marketing num\u00e9rique avec Elevate Digital Strategy. Strat\u00e9gies SEO, Google Ads et croissance digitale pour Montr\u00e9al, Toronto, Qu\u00e9bec et Ontario.\",\"breadcrumb\":{\"@id\":\"https:\/\/elevatedigitalstrategy.com\/fr\/consult\/#breadcrumb\"},\"inLanguage\":\"fr-FR\",\"potentialAction\":[{\"@type\":\"ReadAction\",\"target\":[\"https:\/\/elevatedigitalstrategy.com\/fr\/consult\/\"]}]},{\"@type\":\"BreadcrumbList\",\"@id\":\"https:\/\/elevatedigitalstrategy.com\/fr\/consult\/#breadcrumb\",\"itemListElement\":[{\"@type\":\"ListItem\",\"position\":1,\"name\":\"Home\",\"item\":\"https:\/\/elevatedigitalstrategy.com\/fr\/\"},{\"@type\":\"ListItem\",\"position\":2,\"name\":\"Consultation\"}]},{\"@type\":\"WebSite\",\"@id\":\"https:\/\/elevatedigitalstrategy.com\/fr\/#website\",\"url\":\"https:\/\/elevatedigitalstrategy.com\/fr\/\",\"name\":\"Elevate Digital Strategy\",\"description\":\"Marketing Management Solutions in Montreal\",\"publisher\":{\"@id\":\"https:\/\/elevatedigitalstrategy.com\/fr\/#organization\"},\"potentialAction\":[{\"@type\":\"SearchAction\",\"target\":{\"@type\":\"EntryPoint\",\"urlTemplate\":\"https:\/\/elevatedigitalstrategy.com\/fr\/?s={search_term_string}\"},\"query-input\":{\"@type\":\"PropertyValueSpecification\",\"valueRequired\":true,\"valueName\":\"search_term_string\"}}],\"inLanguage\":\"fr-FR\"},{\"@type\":\"Organization\",\"@id\":\"https:\/\/elevatedigitalstrategy.com\/fr\/#organization\",\"name\":\"Marketing Management Solutions in Montreal\",\"url\":\"https:\/\/elevatedigitalstrategy.com\/fr\/\",\"logo\":{\"@type\":\"ImageObject\",\"inLanguage\":\"fr-FR\",\"@id\":\"https:\/\/elevatedigitalstrategy.com\/fr\/#\/schema\/logo\/image\/\",\"url\":\"https:\/\/elevatedigitalstrategy.com\/wp-content\/uploads\/2025\/01\/elevatedigital.png\",\"contentUrl\":\"https:\/\/elevatedigitalstrategy.com\/wp-content\/uploads\/2025\/01\/elevatedigital.png\",\"width\":1000,\"height\":457,\"caption\":\"Marketing Management Solutions in Montreal\"},\"image\":{\"@id\":\"https:\/\/elevatedigitalstrategy.com\/fr\/#\/schema\/logo\/image\/\"}}]}<\/script>\n<!-- \/ Yoast SEO plugin. -->","yoast_head_json":{"title":"Consultation en marketing num\u00e9rique \u00e0 Montr\u00e9al et Toronto","description":"R\u00e9servez une consultation en marketing num\u00e9rique avec Elevate Digital Strategy. Strat\u00e9gies SEO, Google Ads et croissance digitale pour Montr\u00e9al, Toronto, Qu\u00e9bec et Ontario.","robots":{"index":"index","follow":"follow","max-snippet":"max-snippet:-1","max-image-preview":"max-image-preview:large","max-video-preview":"max-video-preview:-1"},"canonical":"https:\/\/elevatedigitalstrategy.com\/fr\/consult\/","og_locale":"fr_FR","og_type":"article","og_title":"Consultation en marketing num\u00e9rique \u00e0 Montr\u00e9al et Toronto","og_description":"R\u00e9servez une consultation en marketing num\u00e9rique avec Elevate Digital Strategy. Strat\u00e9gies SEO, Google Ads et croissance digitale pour Montr\u00e9al, Toronto, Qu\u00e9bec et Ontario.","og_url":"https:\/\/elevatedigitalstrategy.com\/fr\/consult\/","og_site_name":"Elevate Digital Strategy","article_modified_time":"2025-03-20T16:18:10+00:00","og_image":[{"width":1200,"height":675,"url":"https:\/\/elevatedigitalstrategy.com\/wp-content\/uploads\/2025\/01\/elevatedigital.jpg","type":"image\/jpeg"}],"twitter_card":"summary_large_image","twitter_misc":{"Dur\u00e9e de lecture estim\u00e9e":"1 minute"},"schema":{"@context":"https:\/\/schema.org","@graph":[{"@type":"WebPage","@id":"https:\/\/elevatedigitalstrategy.com\/fr\/consult\/","url":"https:\/\/elevatedigitalstrategy.com\/fr\/consult\/","name":"Consultation en marketing num\u00e9rique \u00e0 Montr\u00e9al et Toronto","isPartOf":{"@id":"https:\/\/elevatedigitalstrategy.com\/fr\/#website"},"datePublished":"2024-10-15T18:40:58+00:00","dateModified":"2025-03-20T16:18:10+00:00","description":"R\u00e9servez une consultation en marketing num\u00e9rique avec Elevate Digital Strategy. Strat\u00e9gies SEO, Google Ads et croissance digitale pour Montr\u00e9al, Toronto, Qu\u00e9bec et Ontario.","breadcrumb":{"@id":"https:\/\/elevatedigitalstrategy.com\/fr\/consult\/#breadcrumb"},"inLanguage":"fr-FR","potentialAction":[{"@type":"ReadAction","target":["https:\/\/elevatedigitalstrategy.com\/fr\/consult\/"]}]},{"@type":"BreadcrumbList","@id":"https:\/\/elevatedigitalstrategy.com\/fr\/consult\/#breadcrumb","itemListElement":[{"@type":"ListItem","position":1,"name":"Home","item":"https:\/\/elevatedigitalstrategy.com\/fr\/"},{"@type":"ListItem","position":2,"name":"Consultation"}]},{"@type":"WebSite","@id":"https:\/\/elevatedigitalstrategy.com\/fr\/#website","url":"https:\/\/elevatedigitalstrategy.com\/fr\/","name":"Elevate Digital Strategy","description":"Marketing Management Solutions in Montreal","publisher":{"@id":"https:\/\/elevatedigitalstrategy.com\/fr\/#organization"},"potentialAction":[{"@type":"SearchAction","target":{"@type":"EntryPoint","urlTemplate":"https:\/\/elevatedigitalstrategy.com\/fr\/?s={search_term_string}"},"query-input":{"@type":"PropertyValueSpecification","valueRequired":true,"valueName":"search_term_string"}}],"inLanguage":"fr-FR"},{"@type":"Organization","@id":"https:\/\/elevatedigitalstrategy.com\/fr\/#organization","name":"Marketing Management Solutions in Montreal","url":"https:\/\/elevatedigitalstrategy.com\/fr\/","logo":{"@type":"ImageObject","inLanguage":"fr-FR","@id":"https:\/\/elevatedigitalstrategy.com\/fr\/#\/schema\/logo\/image\/","url":"https:\/\/elevatedigitalstrategy.com\/wp-content\/uploads\/2025\/01\/elevatedigital.png","contentUrl":"https:\/\/elevatedigitalstrategy.com\/wp-content\/uploads\/2025\/01\/elevatedigital.png","width":1000,"height":457,"caption":"Marketing Management Solutions in Montreal"},"image":{"@id":"https:\/\/elevatedigitalstrategy.com\/fr\/#\/schema\/logo\/image\/"}}]}},"_links":{"self":[{"href":"https:\/\/elevatedigitalstrategy.com\/fr\/wp-json\/wp\/v2\/pages\/2567","targetHints":{"allow":["GET"]}}],"collection":[{"href":"https:\/\/elevatedigitalstrategy.com\/fr\/wp-json\/wp\/v2\/pages"}],"about":[{"href":"https:\/\/elevatedigitalstrategy.com\/fr\/wp-json\/wp\/v2\/types\/page"}],"author":[{"embeddable":true,"href":"https:\/\/elevatedigitalstrategy.com\/fr\/wp-json\/wp\/v2\/users\/1"}],"replies":[{"embeddable":true,"href":"https:\/\/elevatedigitalstrategy.com\/fr\/wp-json\/wp\/v2\/comments?post=2567"}],"version-history":[{"count":3,"href":"https:\/\/elevatedigitalstrategy.com\/fr\/wp-json\/wp\/v2\/pages\/2567\/revisions"}],"predecessor-version":[{"id":2576,"href":"https:\/\/elevatedigitalstrategy.com\/fr\/wp-json\/wp\/v2\/pages\/2567\/revisions\/2576"}],"wp:attachment":[{"href":"https:\/\/elevatedigitalstrategy.com\/fr\/wp-json\/wp\/v2\/media?parent=2567"}],"curies":[{"name":"wp","href":"https:\/\/api.w.org\/{rel}","templated":true}]}}